{"id":109,"date":"2014-08-11T19:16:12","date_gmt":"2014-08-11T16:16:12","guid":{"rendered":"http:\/\/www.hdofkuopio.fi\/ironhorse\/?page_id=109"},"modified":"2025-06-27T06:49:32","modified_gmt":"2025-06-27T03:49:32","slug":"museum-cafe","status":"publish","type":"page","link":"https:\/\/www.iron-horse.bike\/?page_id=109","title":{"rendered":"Museum Cafe"},"content":{"rendered":"<div id=\"pl-109\"  class=\"panel-layout\" ><div id=\"pg-109-0\"  class=\"panel-grid panel-no-style\" ><div id=\"pgc-109-0-0\"  class=\"panel-grid-cell\" ><div id=\"panel-109-0-0-0\" class=\"so-panel widget widget_sow-editor panel-first-child panel-last-child\" data-index=\"0\" ><div\n\t\t\t\n\t\t\tclass=\"so-widget-sow-editor so-widget-sow-editor-base\"\n\t\t\t\n\t\t>\n<div class=\"siteorigin-widget-tinymce textwidget\">\n\t<p><span style=\"color: #000000;\"><strong>Motorcycle museum cafe &amp; giftshop<\/strong><br \/>\n<\/span><br style=\"color: #ffffff;\" \/><span style=\"color: #000000;\">Olemme rakentaneet moottoripy\u00f6r\u00e4 kahvilan sek\u00e4 museon Kuopioon. T\u00e4h\u00e4n asti asiakkaillamme on mahdollisuus p\u00e4\u00e4st\u00e4 tutustumaan museoomme, joka sijaitsee keskeisell\u00e4 paikalla matkustajastamassa - noin 500 metrin p\u00e4\u00e4ss\u00e4 liikkeest\u00e4mme. Kokoelmiin on ker\u00e4tty vanhoja py\u00f6ri\u00e4, jotka ovat joko entis\u00f6ityj\u00e4 tai t\u00e4ysin alkuper\u00e4isess\u00e4 kuosissaan.<\/span><br style=\"color: #ffffff;\" \/><br style=\"color: #ffffff;\" \/><span style=\"color: #000000;\">Museo rakentui toimintamme sivussa l\u00e4hes huomaamatta kun ker\u00e4simme vanhoja Harley-Davidsoneja talteen ja suojaan ajan hampaalta. Py\u00f6ri\u00e4 on ker\u00e4tty ymp\u00e4ri maailmaa ja entis\u00f6innin j\u00e4lkeen ne laitetettiin varastoon, osa siirrettiin suoraan my\u00f6s sellaisenaan. Ajan mittaan on kokoelmiin kertynyt vanhoja sek\u00e4 yh\u00e4 vanhempia ja hienompia laitteita joissa monesta my\u00f6s historiakin on tiedossa.<\/span><br style=\"color: #ffffff;\" \/><br style=\"color: #ffffff;\" \/><span style=\"color: #000000;\">Entis\u00f6im\u00e4tt\u00f6m\u00e4t py\u00f6r\u00e4t kertovat omaa tarinaansa. Jokaiselle lommolle ja hankaumalle on niill\u00e4 oma selitys ja n\u00e4it\u00e4 emme halunneet poistaa vaan annoimme niiden j\u00e4\u00e4d\u00e4 j\u00e4lkipolvien tutkittavaksi.<\/span><\/p>\n<p>Museoon p\u00e4\u00e4see tutustumaan erikseen sopimalla. Vuokraamme tilaa my\u00f6s yksityistilaisuuksiin.<\/p>\n<\/div>\n<\/div><\/div><\/div><div id=\"pgc-109-0-1\"  class=\"panel-grid-cell\" ><div id=\"panel-109-0-1-0\" class=\"so-panel widget widget_media_image panel-first-child panel-last-child\" data-index=\"1\" ><img loading=\"lazy\" decoding=\"async\" width=\"1024\" height=\"995\" src=\"https:\/\/www.iron-horse.bike\/wp-content\/uploads\/cafeshop2-1024x995.png\" class=\"image wp-image-2020  attachment-large size-large\" alt=\"\" style=\"max-width: 100%; height: auto;\" srcset=\"https:\/\/www.iron-horse.bike\/wp-content\/uploads\/cafeshop2-1024x995.png 1024w, https:\/\/www.iron-horse.bike\/wp-content\/uploads\/cafeshop2-300x292.png 300w, https:\/\/www.iron-horse.bike\/wp-content\/uploads\/cafeshop2-768x747.png 768w, https:\/\/www.iron-horse.bike\/wp-content\/uploads\/cafeshop2-1536x1493.png 1536w, https:\/\/www.iron-horse.bike\/wp-content\/uploads\/cafeshop2.png 1716w\" sizes=\"auto, (max-width: 1024px) 100vw, 1024px\" \/><\/div><\/div><\/div><div id=\"pg-109-1\"  class=\"panel-grid panel-no-style\" ><div id=\"pgc-109-1-0\"  class=\"panel-grid-cell\" ><div id=\"panel-109-1-0-0\" class=\"so-panel widget widget_media_gallery panel-first-child panel-last-child\" data-index=\"2\" >\n\t\t<style type=\"text\/css\">\n\t\t\t#gallery-1 {\n\t\t\t\tmargin: auto;\n\t\t\t}\n\t\t\t#gallery-1 .gallery-item {\n\t\t\t\tfloat: left;\n\t\t\t\tmargin-top: 10px;\n\t\t\t\ttext-align: center;\n\t\t\t\twidth: 33%;\n\t\t\t}\n\t\t\t#gallery-1 img {\n\t\t\t\tborder: 2px solid #cfcfcf;\n\t\t\t}\n\t\t\t#gallery-1 .gallery-caption {\n\t\t\t\tmargin-left: 0;\n\t\t\t}\n\t\t\t\/* see gallery_shortcode() in wp-includes\/media.php *\/\n\t\t<\/style>\n\t\t<div id='gallery-1' class='gallery galleryid-109 gallery-columns-3 gallery-size-thumbnail'><dl class='gallery-item'>\n\t\t\t<dt class='gallery-icon landscape'>\n\t\t\t\t<a href='https:\/\/www.iron-horse.bike\/?attachment_id=2027#main'><img loading=\"lazy\" decoding=\"async\" width=\"150\" height=\"150\" src=\"https:\/\/www.iron-horse.bike\/wp-content\/uploads\/20240315_120404-150x150.jpg\" class=\"attachment-thumbnail size-thumbnail\" alt=\"\" srcset=\"https:\/\/www.iron-horse.bike\/wp-content\/uploads\/20240315_120404-150x150.jpg 150w, https:\/\/www.iron-horse.bike\/wp-content\/uploads\/20240315_120404-53x53.jpg 53w, https:\/\/www.iron-horse.bike\/wp-content\/uploads\/20240315_120404-570x570.jpg 570w, https:\/\/www.iron-horse.bike\/wp-content\/uploads\/20240315_120404-380x380.jpg 380w, https:\/\/www.iron-horse.bike\/wp-content\/uploads\/20240315_120404-285x285.jpg 285w\" sizes=\"auto, (max-width: 150px) 100vw, 150px\" \/><\/a>\n\t\t\t<\/dt><\/dl><dl class='gallery-item'>\n\t\t\t<dt class='gallery-icon portrait'>\n\t\t\t\t<a href='https:\/\/www.iron-horse.bike\/?attachment_id=2026#main'><img loading=\"lazy\" decoding=\"async\" width=\"150\" height=\"150\" src=\"https:\/\/www.iron-horse.bike\/wp-content\/uploads\/20240315_120857-150x150.jpg\" class=\"attachment-thumbnail size-thumbnail\" alt=\"\" srcset=\"https:\/\/www.iron-horse.bike\/wp-content\/uploads\/20240315_120857-150x150.jpg 150w, https:\/\/www.iron-horse.bike\/wp-content\/uploads\/20240315_120857-53x53.jpg 53w, https:\/\/www.iron-horse.bike\/wp-content\/uploads\/20240315_120857-570x570.jpg 570w, https:\/\/www.iron-horse.bike\/wp-content\/uploads\/20240315_120857-380x380.jpg 380w, https:\/\/www.iron-horse.bike\/wp-content\/uploads\/20240315_120857-285x285.jpg 285w\" sizes=\"auto, (max-width: 150px) 100vw, 150px\" \/><\/a>\n\t\t\t<\/dt><\/dl><dl class='gallery-item'>\n\t\t\t<dt class='gallery-icon portrait'>\n\t\t\t\t<a href='https:\/\/www.iron-horse.bike\/?attachment_id=2025#main'><img loading=\"lazy\" decoding=\"async\" width=\"150\" height=\"150\" src=\"https:\/\/www.iron-horse.bike\/wp-content\/uploads\/20240315_120601-3-150x150.jpg\" class=\"attachment-thumbnail size-thumbnail\" alt=\"\" srcset=\"https:\/\/www.iron-horse.bike\/wp-content\/uploads\/20240315_120601-3-150x150.jpg 150w, https:\/\/www.iron-horse.bike\/wp-content\/uploads\/20240315_120601-3-53x53.jpg 53w, https:\/\/www.iron-horse.bike\/wp-content\/uploads\/20240315_120601-3-570x570.jpg 570w, https:\/\/www.iron-horse.bike\/wp-content\/uploads\/20240315_120601-3-380x380.jpg 380w, https:\/\/www.iron-horse.bike\/wp-content\/uploads\/20240315_120601-3-285x285.jpg 285w\" sizes=\"auto, (max-width: 150px) 100vw, 150px\" \/><\/a>\n\t\t\t<\/dt><\/dl><br style=\"clear: both\" \/><dl class='gallery-item'>\n\t\t\t<dt class='gallery-icon landscape'>\n\t\t\t\t<a href='https:\/\/www.iron-horse.bike\/?attachment_id=2024#main'><img loading=\"lazy\" decoding=\"async\" width=\"150\" height=\"150\" src=\"https:\/\/www.iron-horse.bike\/wp-content\/uploads\/20240315_120338-2-150x150.jpg\" class=\"attachment-thumbnail size-thumbnail\" alt=\"\" srcset=\"https:\/\/www.iron-horse.bike\/wp-content\/uploads\/20240315_120338-2-150x150.jpg 150w, https:\/\/www.iron-horse.bike\/wp-content\/uploads\/20240315_120338-2-53x53.jpg 53w, https:\/\/www.iron-horse.bike\/wp-content\/uploads\/20240315_120338-2-570x570.jpg 570w, https:\/\/www.iron-horse.bike\/wp-content\/uploads\/20240315_120338-2-380x380.jpg 380w, https:\/\/www.iron-horse.bike\/wp-content\/uploads\/20240315_120338-2-285x285.jpg 285w\" sizes=\"auto, (max-width: 150px) 100vw, 150px\" \/><\/a>\n\t\t\t<\/dt><\/dl><dl class='gallery-item'>\n\t\t\t<dt class='gallery-icon landscape'>\n\t\t\t\t<a href='https:\/\/www.iron-horse.bike\/?attachment_id=2023#main'><img loading=\"lazy\" decoding=\"async\" width=\"150\" height=\"150\" src=\"https:\/\/www.iron-horse.bike\/wp-content\/uploads\/20240315_120329-2-150x150.jpg\" class=\"attachment-thumbnail size-thumbnail\" alt=\"\" srcset=\"https:\/\/www.iron-horse.bike\/wp-content\/uploads\/20240315_120329-2-150x150.jpg 150w, https:\/\/www.iron-horse.bike\/wp-content\/uploads\/20240315_120329-2-53x53.jpg 53w, https:\/\/www.iron-horse.bike\/wp-content\/uploads\/20240315_120329-2-570x570.jpg 570w, https:\/\/www.iron-horse.bike\/wp-content\/uploads\/20240315_120329-2-380x380.jpg 380w, https:\/\/www.iron-horse.bike\/wp-content\/uploads\/20240315_120329-2-285x285.jpg 285w\" sizes=\"auto, (max-width: 150px) 100vw, 150px\" \/><\/a>\n\t\t\t<\/dt><\/dl><dl class='gallery-item'>\n\t\t\t<dt class='gallery-icon landscape'>\n\t\t\t\t<a href='https:\/\/www.iron-horse.bike\/?attachment_id=2021#main'><img loading=\"lazy\" decoding=\"async\" width=\"150\" height=\"150\" src=\"https:\/\/www.iron-horse.bike\/wp-content\/uploads\/20240315_120348-150x150.jpg\" class=\"attachment-thumbnail size-thumbnail\" alt=\"\" srcset=\"https:\/\/www.iron-horse.bike\/wp-content\/uploads\/20240315_120348-150x150.jpg 150w, https:\/\/www.iron-horse.bike\/wp-content\/uploads\/20240315_120348-53x53.jpg 53w, https:\/\/www.iron-horse.bike\/wp-content\/uploads\/20240315_120348-570x570.jpg 570w, https:\/\/www.iron-horse.bike\/wp-content\/uploads\/20240315_120348-380x380.jpg 380w, https:\/\/www.iron-horse.bike\/wp-content\/uploads\/20240315_120348-285x285.jpg 285w\" sizes=\"auto, (max-width: 150px) 100vw, 150px\" \/><\/a>\n\t\t\t<\/dt><\/dl><br style=\"clear: both\" \/><dl class='gallery-item'>\n\t\t\t<dt class='gallery-icon landscape'>\n\t\t\t\t<a href='https:\/\/www.iron-horse.bike\/?attachment_id=258'><img loading=\"lazy\" decoding=\"async\" width=\"150\" height=\"150\" src=\"https:\/\/www.iron-horse.bike\/wp-content\/uploads\/IMG_1944-1024-150x150.jpg\" class=\"attachment-thumbnail size-thumbnail\" alt=\"\" \/><\/a>\n\t\t\t<\/dt><\/dl><dl class='gallery-item'>\n\t\t\t<dt class='gallery-icon portrait'>\n\t\t\t\t<a href='https:\/\/www.iron-horse.bike\/?attachment_id=259'><img loading=\"lazy\" decoding=\"async\" width=\"150\" height=\"150\" src=\"https:\/\/www.iron-horse.bike\/wp-content\/uploads\/IMG_1948-1024-150x150.jpg\" class=\"attachment-thumbnail size-thumbnail\" alt=\"\" \/><\/a>\n\t\t\t<\/dt><\/dl><dl class='gallery-item'>\n\t\t\t<dt class='gallery-icon portrait'>\n\t\t\t\t<a href='https:\/\/www.iron-horse.bike\/?attachment_id=260'><img loading=\"lazy\" decoding=\"async\" width=\"150\" height=\"150\" src=\"https:\/\/www.iron-horse.bike\/wp-content\/uploads\/IMG_1956-1024-150x150.jpg\" class=\"attachment-thumbnail size-thumbnail\" alt=\"\" \/><\/a>\n\t\t\t<\/dt><\/dl><br style=\"clear: both\" \/><dl class='gallery-item'>\n\t\t\t<dt class='gallery-icon portrait'>\n\t\t\t\t<a href='https:\/\/www.iron-horse.bike\/?attachment_id=261'><img loading=\"lazy\" decoding=\"async\" width=\"150\" height=\"150\" src=\"https:\/\/www.iron-horse.bike\/wp-content\/uploads\/IMG_1962-1024-150x150.jpg\" class=\"attachment-thumbnail size-thumbnail\" alt=\"\" \/><\/a>\n\t\t\t<\/dt><\/dl><dl class='gallery-item'>\n\t\t\t<dt class='gallery-icon portrait'>\n\t\t\t\t<a href='https:\/\/www.iron-horse.bike\/?attachment_id=255'><img loading=\"lazy\" decoding=\"async\" width=\"150\" height=\"150\" src=\"https:\/\/www.iron-horse.bike\/wp-content\/uploads\/IMG_1930-1024-150x150.jpg\" class=\"attachment-thumbnail size-thumbnail\" alt=\"\" \/><\/a>\n\t\t\t<\/dt><\/dl>\n\t\t\t<br style='clear: both' \/>\n\t\t<\/div>\n<\/div><\/div><div id=\"pgc-109-1-1\"  class=\"panel-grid-cell\" ><div id=\"panel-109-1-1-0\" class=\"so-panel widget widget_text panel-first-child panel-last-child\" data-index=\"3\" >\t\t\t<div class=\"textwidget\"><div class=\"x11i5rnm xat24cr x1mh8g0r x1vvkbs xtlvy1s x126k92a\">\n<div dir=\"auto\">Yksi kokoelmamme helmist\u00e4 on vuoden 1925 Harley-Davidson JDCB jonka on aikoinaan ostanut Norjalainen omistaja uutena. Omistaja piilotti py\u00f6r\u00e4n 1941 navetan ylisille natsien miehityksen aikaan. Py\u00f6r\u00e4 l\u00f6ytyi navetasta sattumalta my\u00f6hemmin. Se oli olkiin peiteltyn\u00e4 v\u00e4lisein\u00e4n sis\u00e4ll\u00e4 ja n\u00e4ki p\u00e4iv\u00e4nvalon paljon my\u00f6hemmin. Py\u00f6r\u00e4 p\u00e4\u00e4tyi meille ker\u00e4ilij\u00e4n kokoelmien kautta joka osti sen perikunnalta. Py\u00f6r\u00e4st\u00e4 puuttui akkukotelo ja muutama ruuvi, mutta muutoin se on alkuper\u00e4isess\u00e4 kunnossa ja siin\u00e4 se my\u00f6s pidet\u00e4\u00e4n. Renkaat ovat alkuper\u00e4iset. Ainoastaan sisuskumit on vaihdettu, ett\u00e4 saadaan ilma pysym\u00e4\u00e4n sis\u00e4ll\u00e4. Edellinen omistaja kertoi, ett\u00e4 sisuskumissa oli yli 40 paikkaa ja se on h\u00e4nell\u00e4 tallessa edelleen.<\/div>\n<\/div>\n<\/div>\n\t\t<\/div><\/div><\/div><\/div>","protected":false},"excerpt":{"rendered":"<p>Motorcycle museum cafe &amp; giftshop Olemme rakentaneet moottoripy\u00f6r\u00e4 kahvilan sek\u00e4 museon Kuopioon. T\u00e4h\u00e4n asti asiakkaillamme on mahdollisuus p\u00e4\u00e4st\u00e4 tutustumaan museoomme, joka sijaitsee keskeisell\u00e4 paikalla matkustajastamassa &#8211; noin 500 metrin p\u00e4\u00e4ss\u00e4 liikkeest\u00e4mme. Kokoelmiin on ker\u00e4tty vanhoja py\u00f6ri\u00e4, jotka ovat joko entis\u00f6ityj\u00e4 tai t\u00e4ysin alkuper\u00e4isess\u00e4 kuosissaan.Museo rakentui toimintamme sivussa l\u00e4hes huomaamatta kun ker\u00e4simme vanhoja Harley-Davidsoneja talteen ja [&hellip;]<\/p>\n<p class=\"more-link style2\"><a href=\"https:\/\/www.iron-horse.bike\/?page_id=109\"  class=\"themebutton\"><span class=\"more-text\">READ MORE<\/span><span class=\"more-icon\"><i class=\"fa fa-angle-right fa-lg\"><\/i><\/span><\/a><\/p>\n","protected":false},"author":1,"featured_media":0,"parent":0,"menu_order":0,"comment_status":"closed","ping_status":"closed","template":"","meta":{"footnotes":""},"categories":[],"tags":[],"class_list":["post-109","page","type-page","status-publish","hentry"],"_links":{"self":[{"href":"https:\/\/www.iron-horse.bike\/index.php?rest_route=\/wp\/v2\/pages\/109","targetHints":{"allow":["GET"]}}],"collection":[{"href":"https:\/\/www.iron-horse.bike\/index.php?rest_route=\/wp\/v2\/pages"}],"about":[{"href":"https:\/\/www.iron-horse.bike\/index.php?rest_route=\/wp\/v2\/types\/page"}],"author":[{"embeddable":true,"href":"https:\/\/www.iron-horse.bike\/index.php?rest_route=\/wp\/v2\/users\/1"}],"replies":[{"embeddable":true,"href":"https:\/\/www.iron-horse.bike\/index.php?rest_route=%2Fwp%2Fv2%2Fcomments&post=109"}],"version-history":[{"count":15,"href":"https:\/\/www.iron-horse.bike\/index.php?rest_route=\/wp\/v2\/pages\/109\/revisions"}],"predecessor-version":[{"id":2103,"href":"https:\/\/www.iron-horse.bike\/index.php?rest_route=\/wp\/v2\/pages\/109\/revisions\/2103"}],"wp:attachment":[{"href":"https:\/\/www.iron-horse.bike\/index.php?rest_route=%2Fwp%2Fv2%2Fmedia&parent=109"}],"wp:term":[{"taxonomy":"category","embeddable":true,"href":"https:\/\/www.iron-horse.bike\/index.php?rest_route=%2Fwp%2Fv2%2Fcategories&post=109"},{"taxonomy":"post_tag","embeddable":true,"href":"https:\/\/www.iron-horse.bike\/index.php?rest_route=%2Fwp%2Fv2%2Ftags&post=109"}],"curies":[{"name":"wp","href":"https:\/\/api.w.org\/{rel}","templated":true}]}}