{"id":1527,"date":"2018-05-21T21:05:39","date_gmt":"2018-05-21T18:05:39","guid":{"rendered":"http:\/\/www.iron-horse.bike\/?page_id=1527"},"modified":"2026-02-23T08:33:15","modified_gmt":"2026-02-23T06:33:15","slug":"uusi-etusivu","status":"publish","type":"page","link":"https:\/\/www.iron-horse.bike\/","title":{"rendered":"Ironhorse Oy &#8211; Etusivu"},"content":{"rendered":"<div id=\"pl-1527\"  class=\"panel-layout\" ><div id=\"pg-1527-0\"  class=\"panel-grid panel-no-style\" ><div id=\"pgc-1527-0-0\"  class=\"panel-grid-cell\" ><div id=\"panel-1527-0-0-0\" class=\"so-panel widget widget_text panel-first-child panel-last-child\" data-index=\"0\" ><h3 class=\"widget-title\">Ironhorse Oy<\/h3>\t\t\t<div class=\"textwidget\"><p>Ironhorse Oy on moottoripy\u00f6rien huoltoon, rakenteluun sek\u00e4 myyntiin erikoistunut liike Kuopiossa. Huollamme sek\u00e4 korjaamme kaikenmerkkiset moottoripy\u00f6r\u00e4t sek\u00e4 m\u00f6nkij\u00e4t. Myym\u00e4l\u00e4st\u00e4mme l\u00f6yd\u00e4t my\u00f6s kattavan valikoiman varaosia ja laajan toimittajaverkoston kautta saamme alkuper\u00e4isosat kaikkiin merkkeihin. Tarjoamme my\u00f6s kausis\u00e4ilytyksen moottoripy\u00f6r\u00e4llesi.<\/p>\n<p>Huollon valmistumista odotellessa asikkaiden k\u00e4yt\u00f6ss\u00e4 on pihallamme mm. grilli sek\u00e4 j\u00e4\u00e4kaapista l\u00f6ytyy aina makkaraa sek\u00e4 kylm\u00e4\u00e4 juotavaa.<\/p>\n<p>Palveluihimme kuuluu mm:<br \/>\nM\u00e4\u00e4r\u00e4aikaishuollot<br \/>\nKeulahuollot<br \/>\nKolarikorjaukset<br \/>\nRengasty\u00f6t<br \/>\nMuutosty\u00f6t<br \/>\nPolttoaineoptimointi suoraan ecu:un (H-D:t Delphin ruiskulla)<\/p>\n<p>Korjaamon varustukseen kuuluu laajan huoltokaluston lis\u00e4ksi my\u00f6s metallisorvi sek\u00e4 kaksi laserleikkuria.<\/p>\n<p>Lis\u00e4ksi saat meilt\u00e4 dynopenkist\u00e4 tehomittauksen sek\u00e4 tehotodistuksen mm. muutoskatsastusta varten.<\/p>\n<p><strong>Tarvittaessa my\u00f6s noudamme laitteesi kotipihastasi.<\/strong> Katso kuljetuskalustoesittelymme <a href=\"http:\/\/www.iron-horse.bike\/?page_id=1724\">t\u00e4\u00e4lt\u00e4<\/a><\/p>\n<\/div>\n\t\t<\/div><\/div><div id=\"pgc-1527-0-1\"  class=\"panel-grid-cell\" ><div id=\"panel-1527-0-1-0\" class=\"so-panel widget widget_media_image panel-first-child panel-last-child\" data-index=\"1\" ><img loading=\"lazy\" decoding=\"async\" width=\"600\" height=\"400\" src=\"https:\/\/www.iron-horse.bike\/wp-content\/uploads\/20260223_082608-600x400.jpg\" class=\"image wp-image-2109  attachment-vets-post-thumbnail size-vets-post-thumbnail\" alt=\"\" style=\"max-width: 100%; height: auto;\" srcset=\"https:\/\/www.iron-horse.bike\/wp-content\/uploads\/20260223_082608-600x400.jpg 600w, https:\/\/www.iron-horse.bike\/wp-content\/uploads\/20260223_082608-570x380.jpg 570w, https:\/\/www.iron-horse.bike\/wp-content\/uploads\/20260223_082608-380x254.jpg 380w, https:\/\/www.iron-horse.bike\/wp-content\/uploads\/20260223_082608-285x190.jpg 285w, https:\/\/www.iron-horse.bike\/wp-content\/uploads\/20260223_082608-272x182.jpg 272w\" sizes=\"auto, (max-width: 600px) 100vw, 600px\" \/><\/div><\/div><\/div><div id=\"pg-1527-1\"  class=\"panel-grid panel-no-style\" ><div id=\"pgc-1527-1-0\"  class=\"panel-grid-cell\" ><div id=\"panel-1527-1-0-0\" class=\"so-panel widget widget_vets-divider-widget panel-first-child panel-last-child\" data-index=\"2\" ><hr style=\"margin-left:0px;margin-right:0px;margin-top:40px;margin-bottom:40px;\" \/><\/div><\/div><\/div><div id=\"pg-1527-2\"  class=\"panel-grid panel-no-style\" ><div id=\"pgc-1527-2-0\"  class=\"panel-grid-cell\" ><div id=\"panel-1527-2-0-0\" class=\"so-panel widget widget_media_image panel-first-child panel-last-child\" data-index=\"3\" ><img loading=\"lazy\" decoding=\"async\" width=\"488\" height=\"269\" src=\"https:\/\/www.iron-horse.bike\/wp-content\/uploads\/wrt.jpg\" class=\"image wp-image-1793  attachment-full size-full\" alt=\"\" style=\"max-width: 100%; height: auto;\" srcset=\"https:\/\/www.iron-horse.bike\/wp-content\/uploads\/wrt.jpg 488w, https:\/\/www.iron-horse.bike\/wp-content\/uploads\/wrt-300x165.jpg 300w\" sizes=\"auto, (max-width: 488px) 100vw, 488px\" \/><\/div><\/div><div id=\"pgc-1527-2-1\"  class=\"panel-grid-cell\" ><div id=\"panel-1527-2-1-0\" class=\"so-panel widget widget_text panel-first-child panel-last-child\" data-index=\"4\" ><h3 class=\"widget-title\">Ruiskun ohjelmoinnit<\/h3>\t\t\t<div class=\"textwidget\"><p>S\u00e4\u00e4d\u00e4mme Techno researchin laitteistolla Harley-Davidsonien Delphin ruiskut suoraan py\u00f6r\u00e4n omaan ECU:un. Woolich Racingin laitteilla saamme s\u00e4\u00e4detty\u00e4 my\u00f6s muut merkit omaan ECU:un. S\u00e4\u00e4t\u00f6 suoritetaan joko tien p\u00e4\u00e4ll\u00e4 ajamalla tai sitten huollostamme l\u00f6ytyv\u00e4ll\u00e4 jarrupenkill\u00e4. Jarrupenkiss\u00e4 onnistuu my\u00f6s tehomittaukset sek\u00e4 tehotodistukset mm. muutoskatsastusta varten.<\/p>\n<\/div>\n\t\t<\/div><\/div><\/div><div id=\"pg-1527-3\"  class=\"panel-grid panel-no-style\" ><div id=\"pgc-1527-3-0\"  class=\"panel-grid-cell\" ><div id=\"panel-1527-3-0-0\" class=\"so-panel widget widget_vets-divider-widget panel-first-child panel-last-child\" data-index=\"5\" ><hr style=\"margin-left:0px;margin-right:0px;margin-top:40px;margin-bottom:40px;\" \/><\/div><\/div><\/div><div id=\"pg-1527-4\"  class=\"panel-grid panel-no-style\" ><div id=\"pgc-1527-4-0\"  class=\"panel-grid-cell\" ><div id=\"panel-1527-4-0-0\" class=\"so-panel widget widget_media_image panel-first-child panel-last-child\" data-index=\"6\" ><img loading=\"lazy\" decoding=\"async\" width=\"600\" height=\"400\" src=\"https:\/\/www.iron-horse.bike\/wp-content\/uploads\/Excalibur_EN-1-600x400.jpg\" class=\"image wp-image-1556  attachment-vets-post-thumbnail size-vets-post-thumbnail\" alt=\"\" style=\"max-width: 100%; height: auto;\" \/><\/div><\/div><div id=\"pgc-1527-4-1\"  class=\"panel-grid-cell\" ><div id=\"panel-1527-4-1-0\" class=\"so-panel widget widget_text panel-first-child panel-last-child\" data-index=\"7\" ><h3 class=\"widget-title\">Excalibur maahantuonti<\/h3>\t\t\t<div class=\"textwidget\"><p>Tuomme maahan sek\u00e4 myymme Amerikkalaista Excalibur per\u00e4k\u00e4rry\u00e4. K\u00e4rryt valmistetaan linsenssituotteena Saksassa ja on suunniteltu nimenomaan moottoripy\u00f6rien kuljetukseen. Aerodynaamisen muotoilun ansiosta k\u00e4rry kulkee per\u00e4ss\u00e4 l\u00e4hes huomaamatta.<\/p>\n<p><a href=\"http:\/\/www.iron-horse.bike\/wp-content\/uploads\/Excalibur_EN.pdf\" target=\"_blank\" rel=\"noopener\">Lataa esite<\/a><\/p>\n<\/div>\n\t\t<\/div><\/div><\/div><div id=\"pg-1527-5\"  class=\"panel-grid panel-no-style\" ><div id=\"pgc-1527-5-0\"  class=\"panel-grid-cell\" ><div id=\"panel-1527-5-0-0\" class=\"so-panel widget widget_vets-divider-widget panel-first-child panel-last-child\" data-index=\"8\" ><hr style=\"margin-left:0px;margin-right:0px;margin-top:40px;margin-bottom:40px;\" \/><\/div><\/div><\/div><div id=\"pg-1527-6\"  class=\"panel-grid panel-no-style\" ><div id=\"pgc-1527-6-0\"  class=\"panel-grid-cell\" ><div id=\"panel-1527-6-0-0\" class=\"so-panel widget widget_media_image panel-first-child panel-last-child\" data-index=\"9\" ><h3 class=\"widget-title\">Dr Jekill &#038; Mr Hyde<\/h3><div style=\"width: 310px\" class=\"wp-caption alignnone\"><img loading=\"lazy\" decoding=\"async\" width=\"300\" height=\"158\" src=\"https:\/\/www.iron-horse.bike\/wp-content\/uploads\/facebookshare-300x158.png\" class=\"image wp-image-1234  attachment-medium size-medium\" alt=\"\" style=\"max-width: 100%; height: auto;\" srcset=\"https:\/\/www.iron-horse.bike\/wp-content\/uploads\/facebookshare-300x158.png 300w, https:\/\/www.iron-horse.bike\/wp-content\/uploads\/facebookshare-1024x538.png 1024w, https:\/\/www.iron-horse.bike\/wp-content\/uploads\/facebookshare-1150x600.png 1150w, https:\/\/www.iron-horse.bike\/wp-content\/uploads\/facebookshare.png 1200w\" sizes=\"auto, (max-width: 300px) 100vw, 300px\" \/><p class=\"wp-caption-text\">Meilt\u00e4 l\u00f6yd\u00e4t huippusuositut Dr Jekill &amp; Mr Hyde putkistot. Malliston l\u00f6yd\u00e4t valmistajan kotisivuilta <a href=\"http:\/\/jekillandhyde.com\/en_global\/home\" target=\"new\">t\u00e4st\u00e4 linkist\u00e4<\/a><\/p><\/div><\/div><\/div><div id=\"pgc-1527-6-1\"  class=\"panel-grid-cell\" ><div id=\"panel-1527-6-1-0\" class=\"so-panel widget widget_media_image panel-first-child panel-last-child\" data-index=\"10\" ><h3 class=\"widget-title\">Tehonmittaukset ja s\u00e4\u00e4d\u00f6t<\/h3><div style=\"width: 310px\" class=\"wp-caption alignnone\"><img loading=\"lazy\" decoding=\"async\" width=\"300\" height=\"150\" src=\"https:\/\/www.iron-horse.bike\/wp-content\/uploads\/tehomittaus-300x150.jpg\" class=\"image wp-image-1516  attachment-medium size-medium\" alt=\"\" style=\"max-width: 100%; height: auto;\" srcset=\"https:\/\/www.iron-horse.bike\/wp-content\/uploads\/tehomittaus-300x150.jpg 300w, https:\/\/www.iron-horse.bike\/wp-content\/uploads\/tehomittaus-768x384.jpg 768w, https:\/\/www.iron-horse.bike\/wp-content\/uploads\/tehomittaus-1024x512.jpg 1024w, https:\/\/www.iron-horse.bike\/wp-content\/uploads\/tehomittaus.jpg 1200w\" sizes=\"auto, (max-width: 300px) 100vw, 300px\" \/><p class=\"wp-caption-text\">Meid\u00e4n kautta saat nyt my\u00f6s tehomittaukset ja s\u00e4\u00e4d\u00f6t kaikkiin moottoripy\u00f6riin.<\/p><\/div><\/div><\/div><div id=\"pgc-1527-6-2\"  class=\"panel-grid-cell\" ><div id=\"panel-1527-6-2-0\" class=\"so-panel widget widget_media_image panel-first-child panel-last-child\" data-index=\"11\" ><h3 class=\"widget-title\">Kausis\u00e4ilytys<\/h3><div style=\"width: 310px\" class=\"wp-caption alignnone\"><img loading=\"lazy\" decoding=\"async\" width=\"300\" height=\"201\" src=\"https:\/\/www.iron-horse.bike\/wp-content\/uploads\/talvisailo-300x201.jpg\" class=\"image wp-image-1486  attachment-medium size-medium\" alt=\"\" style=\"max-width: 100%; height: auto;\" srcset=\"https:\/\/www.iron-horse.bike\/wp-content\/uploads\/talvisailo-300x201.jpg 300w, https:\/\/www.iron-horse.bike\/wp-content\/uploads\/talvisailo-768x514.jpg 768w, https:\/\/www.iron-horse.bike\/wp-content\/uploads\/talvisailo-1024x685.jpg 1024w, https:\/\/www.iron-horse.bike\/wp-content\/uploads\/talvisailo.jpg 1400w\" sizes=\"auto, (max-width: 300px) 100vw, 300px\" \/><p class=\"wp-caption-text\">Tarjoamme moottoripy\u00f6rien kausis\u00e4ilytyksen. Hinta 220e \/ kausi. Hinta sis\u00e4lt\u00e4\u00e4 s\u00e4ilytyksen l\u00e4mpim\u00e4ss\u00e4 varastossamme sek\u00e4 akun latauksen kerran kuukaudessa.<\/p><\/div><\/div><\/div><\/div><div id=\"pg-1527-7\"  class=\"panel-grid panel-no-style\" ><div id=\"pgc-1527-7-0\"  class=\"panel-grid-cell\" ><div id=\"panel-1527-7-0-0\" class=\"so-panel widget widget_vets-divider-widget panel-first-child panel-last-child\" data-index=\"12\" ><hr style=\"margin-left:0px;margin-right:0px;margin-top:40px;margin-bottom:40px;\" \/><\/div><\/div><\/div><div id=\"pg-1527-8\"  class=\"panel-grid panel-no-style\" ><div id=\"pgc-1527-8-0\"  class=\"panel-grid-cell panel-grid-cell-mobile-last\" ><div id=\"panel-1527-8-0-0\" class=\"so-panel widget widget_newsletterwidget panel-first-child panel-last-child\" data-index=\"13\" ><h3 class=\"widget-title\">Tilaa uutiskirjeemme<\/h3><div class=\"tnp tnp-subscription tnp-widget\">\n<form method=\"post\" action=\"https:\/\/www.iron-horse.bike\/wp-admin\/admin-ajax.php?action=tnp&amp;na=s\">\n<input type=\"hidden\" name=\"nr\" value=\"widget\">\n<input type=\"hidden\" name=\"nlang\" value=\"\">\n<div class=\"tnp-field tnp-field-firstname\"><label for=\"tnp-1\">Nimi<\/label>\n<input class=\"tnp-name\" type=\"text\" name=\"nn\" id=\"tnp-1\" value=\"\" placeholder=\"\"><\/div>\n<div class=\"tnp-field tnp-field-email\"><label for=\"tnp-2\">S\u00e4hk\u00f6posti<\/label>\n<input class=\"tnp-email\" type=\"email\" name=\"ne\" id=\"tnp-2\" value=\"\" placeholder=\"\" required><\/div>\n<div class=\"tnp-field tnp-field-button\" style=\"text-align: left\"><input class=\"tnp-submit\" type=\"submit\" value=\"Tilaa\" style=\"\">\n<\/div>\n<\/form>\n<\/div>\n<\/div><\/div><div id=\"pgc-1527-8-1\"  class=\"panel-grid-cell panel-grid-cell-empty\" ><\/div><\/div><\/div>","protected":false},"excerpt":{"rendered":"<p>Ironhorse Oy on moottoripy\u00f6rien huoltoon, rakenteluun sek\u00e4 myyntiin erikoistunut liike Kuopiossa. Huollamme sek\u00e4 korjaamme kaikenmerkkiset moottoripy\u00f6r\u00e4t sek\u00e4 m\u00f6nkij\u00e4t. Myym\u00e4l\u00e4st\u00e4mme l\u00f6yd\u00e4t my\u00f6s kattavan valikoiman varaosia ja laajan toimittajaverkoston kautta saamme alkuper\u00e4isosat kaikkiin merkkeihin. Tarjoamme my\u00f6s kausis\u00e4ilytyksen moottoripy\u00f6r\u00e4llesi. Huollon valmistumista odotellessa asikkaiden k\u00e4yt\u00f6ss\u00e4 on pihallamme mm. grilli sek\u00e4 j\u00e4\u00e4kaapista l\u00f6ytyy aina makkaraa sek\u00e4 kylm\u00e4\u00e4 juotavaa. Palveluihimme kuuluu [&hellip;]<\/p>\n<p class=\"more-link style2\"><a href=\"https:\/\/www.iron-horse.bike\/\"  class=\"themebutton\"><span class=\"more-text\">READ MORE<\/span><span class=\"more-icon\"><i class=\"fa fa-angle-right fa-lg\"><\/i><\/span><\/a><\/p>\n","protected":false},"author":1,"featured_media":0,"parent":0,"menu_order":0,"comment_status":"closed","ping_status":"closed","template":"","meta":{"footnotes":""},"categories":[],"tags":[],"class_list":["post-1527","page","type-page","status-publish","hentry"],"_links":{"self":[{"href":"https:\/\/www.iron-horse.bike\/index.php?rest_route=\/wp\/v2\/pages\/1527","targetHints":{"allow":["GET"]}}],"collection":[{"href":"https:\/\/www.iron-horse.bike\/index.php?rest_route=\/wp\/v2\/pages"}],"about":[{"href":"https:\/\/www.iron-horse.bike\/index.php?rest_route=\/wp\/v2\/types\/page"}],"author":[{"embeddable":true,"href":"https:\/\/www.iron-horse.bike\/index.php?rest_route=\/wp\/v2\/users\/1"}],"replies":[{"embeddable":true,"href":"https:\/\/www.iron-horse.bike\/index.php?rest_route=%2Fwp%2Fv2%2Fcomments&post=1527"}],"version-history":[{"count":67,"href":"https:\/\/www.iron-horse.bike\/index.php?rest_route=\/wp\/v2\/pages\/1527\/revisions"}],"predecessor-version":[{"id":2111,"href":"https:\/\/www.iron-horse.bike\/index.php?rest_route=\/wp\/v2\/pages\/1527\/revisions\/2111"}],"wp:attachment":[{"href":"https:\/\/www.iron-horse.bike\/index.php?rest_route=%2Fwp%2Fv2%2Fmedia&parent=1527"}],"wp:term":[{"taxonomy":"category","embeddable":true,"href":"https:\/\/www.iron-horse.bike\/index.php?rest_route=%2Fwp%2Fv2%2Fcategories&post=1527"},{"taxonomy":"post_tag","embeddable":true,"href":"https:\/\/www.iron-horse.bike\/index.php?rest_route=%2Fwp%2Fv2%2Ftags&post=1527"}],"curies":[{"name":"wp","href":"https:\/\/api.w.org\/{rel}","templated":true}]}}