{"id":1585,"date":"2018-05-22T08:24:57","date_gmt":"2018-05-22T05:24:57","guid":{"rendered":"http:\/\/www.iron-horse.bike\/?page_id=1585"},"modified":"2026-02-23T08:35:39","modified_gmt":"2026-02-23T06:35:39","slug":"ironhorse-huolto","status":"publish","type":"page","link":"https:\/\/www.iron-horse.bike\/?page_id=1585","title":{"rendered":"Huolto"},"content":{"rendered":"<div id=\"pl-1585\"  class=\"panel-layout\" ><div id=\"pg-1585-0\"  class=\"panel-grid panel-no-style\" ><div id=\"pgc-1585-0-0\"  class=\"panel-grid-cell\" ><div id=\"panel-1585-0-0-0\" class=\"so-panel widget widget_media_image panel-first-child panel-last-child\" data-index=\"0\" ><img loading=\"lazy\" decoding=\"async\" width=\"1024\" height=\"577\" src=\"https:\/\/www.iron-horse.bike\/wp-content\/uploads\/20220304_153703-1024x577.jpg\" class=\"image wp-image-1779  attachment-large size-large\" alt=\"\" style=\"max-width: 100%; height: auto;\" srcset=\"https:\/\/www.iron-horse.bike\/wp-content\/uploads\/20220304_153703-1024x577.jpg 1024w, https:\/\/www.iron-horse.bike\/wp-content\/uploads\/20220304_153703-300x169.jpg 300w, https:\/\/www.iron-horse.bike\/wp-content\/uploads\/20220304_153703-768x432.jpg 768w\" sizes=\"auto, (max-width: 1024px) 100vw, 1024px\" \/><\/div><\/div><div id=\"pgc-1585-0-1\"  class=\"panel-grid-cell\" ><div id=\"panel-1585-0-1-0\" class=\"so-panel widget widget_text panel-first-child panel-last-child\" data-index=\"1\" >\t\t\t<div class=\"textwidget\"><p>Asiantunteva sek\u00e4 palveleva huoltomme suorittaa py\u00f6r\u00e4\u00e4si pienemm\u00e4t s\u00e4\u00e4d\u00f6t, m\u00e4\u00e4r\u00e4aikaishuollot, vaativat asennukset ja suuret koneremontit ja kuutioiden kasvatuksen. Tavoitteenamme on, ett\u00e4 kes\u00e4sesongin aikana huolto-ajan saa alle viikon sis\u00e4lle ja usein jopa seuraavaksi p\u00e4iv\u00e4ksi.<\/p>\n<p>Matkan varrella sattuneet korjaukset pyrimme hoitamaan mahdollisimman ripe\u00e4sti ja usein haaksirikkoiset p\u00e4\u00e4sev\u00e4tkin jatkamaan matkaansa saman p\u00e4iv\u00e4n aikana. Tapauksesta riippuen tietenkin. Kuitenkin aikataulumme sek\u00e4 ty\u00f6aikamme ovat usein joustavia ja korjaamomme palvelee tarvittaessa my\u00f6h\u00e4iseen iltaan saakka.<\/p>\n<p>Useimmiten kysytyt hinnat. (N\u00e4m\u00e4 ovat vain suuntaa antavia hintoja ja vaihtelevat py\u00f6r\u00e4kohtaisesti)<\/p>\n<p>Tuntiveloitus: 82,00\u20ac<br \/>\nKeulahuollot\u00a0 250-350\u20ac<br \/>\nTehorajoitus &amp; todistus 180\u20ac<br \/>\n\u00d6ljynvaihtohuolto 135\u20ac<br \/>\nRenkaanvaihto 60\u20ac<br \/>\nRenkaanvaihto irtovanteelle 30\u20ac<\/p>\n<\/div>\n\t\t<\/div><\/div><\/div><div id=\"pg-1585-1\"  class=\"panel-grid panel-no-style\" ><div id=\"pgc-1585-1-0\"  class=\"panel-grid-cell\" ><div id=\"panel-1585-1-0-0\" class=\"so-panel widget widget_vets-divider-widget panel-first-child panel-last-child\" data-index=\"2\" ><hr style=\"margin-left:0px;margin-right:0px;margin-top:40px;margin-bottom:40px;\" \/><\/div><\/div><\/div><div id=\"pg-1585-2\"  class=\"panel-grid panel-no-style\" ><div id=\"pgc-1585-2-0\"  class=\"panel-grid-cell\" ><div id=\"panel-1585-2-0-0\" class=\"so-panel widget widget_media_image panel-first-child\" data-index=\"3\" ><h3 class=\"widget-title\">M\u00e4\u00e4r\u00e4aikaishuollot<\/h3><img loading=\"lazy\" decoding=\"async\" width=\"1024\" height=\"731\" src=\"https:\/\/www.iron-horse.bike\/wp-content\/uploads\/mopo-1024x731.jpg\" class=\"image wp-image-1188  attachment-large size-large\" alt=\"\" style=\"max-width: 100%; height: auto;\" srcset=\"https:\/\/www.iron-horse.bike\/wp-content\/uploads\/mopo-1024x731.jpg 1024w, https:\/\/www.iron-horse.bike\/wp-content\/uploads\/mopo-300x214.jpg 300w, https:\/\/www.iron-horse.bike\/wp-content\/uploads\/mopo.jpg 1200w\" sizes=\"auto, (max-width: 1024px) 100vw, 1024px\" \/><\/div><div id=\"panel-1585-2-0-1\" class=\"so-panel widget widget_text panel-last-child\" data-index=\"4\" >\t\t\t<div class=\"textwidget\"><p>Huollattamalla py\u00f6r\u00e4si s\u00e4\u00e4nn\u00f6llisesti, varmistat py\u00f6r\u00e4n moitteettoman toiminnan ja tehdastakuun s\u00e4ilymisen uudemmissa py\u00f6riss\u00e4.<\/p>\n<p><strong>M\u00e4\u00e4r\u00e4aikashuolto on muutakin vain \u00f6ljyn vaihto!<br \/>\n<\/strong><br \/>\nM\u00e4\u00e4r\u00e4aikashuollot tehd\u00e4\u00e4n tehtaan m\u00e4\u00e4r\u00e4ysten mukaisesti. Tarkastettavien sek\u00e4 huollettavien kohtien m\u00e4\u00e4r\u00e4 on laaja ja k\u00e4yt\u00f6ss\u00e4mme on laadukkaat ty\u00f6kalut olipa kyse huollosta tai vikadiagnostiikasta.<\/p>\n<p><strong>Yleisimpien m\u00e4\u00e4r\u00e4aikaishuoltojen hinnat vaihtelevat 200\u20ac-300\u20ac v\u00e4lill\u00e4.<\/strong><\/p>\n<\/div>\n\t\t<\/div><\/div><div id=\"pgc-1585-2-1\"  class=\"panel-grid-cell\" ><div id=\"panel-1585-2-1-0\" class=\"so-panel widget widget_media_image panel-first-child\" data-index=\"5\" ><h3 class=\"widget-title\">Rengasty\u00f6t<\/h3><img loading=\"lazy\" decoding=\"async\" width=\"1024\" height=\"683\" src=\"https:\/\/www.iron-horse.bike\/wp-content\/uploads\/shutterstock_103828916-1024x683.jpg\" class=\"image wp-image-1593  attachment-large size-large\" alt=\"\" style=\"max-width: 100%; height: auto;\" srcset=\"https:\/\/www.iron-horse.bike\/wp-content\/uploads\/shutterstock_103828916-1024x683.jpg 1024w, https:\/\/www.iron-horse.bike\/wp-content\/uploads\/shutterstock_103828916-300x200.jpg 300w, https:\/\/www.iron-horse.bike\/wp-content\/uploads\/shutterstock_103828916-768x512.jpg 768w, https:\/\/www.iron-horse.bike\/wp-content\/uploads\/shutterstock_103828916-600x400.jpg 600w\" sizes=\"auto, (max-width: 1024px) 100vw, 1024px\" \/><\/div><div id=\"panel-1585-2-1-1\" class=\"so-panel widget widget_text panel-last-child\" data-index=\"6\" >\t\t\t<div class=\"textwidget\"><p>Renkaiden vaihto ja tasapainotus odottaessasi. Vaihdamme renkaat alta-alle periaatteella, mutta voit tuoda my\u00f6s irtovanteen. Hinnat alkaen 25e\/rengas (irtovanteella).<\/p>\n<\/div>\n\t\t<\/div><\/div><div id=\"pgc-1585-2-2\"  class=\"panel-grid-cell\" ><div id=\"panel-1585-2-2-0\" class=\"so-panel widget widget_media_image panel-first-child\" data-index=\"7\" ><h3 class=\"widget-title\">Moottority\u00f6t<\/h3><img loading=\"lazy\" decoding=\"async\" width=\"1024\" height=\"683\" src=\"https:\/\/www.iron-horse.bike\/wp-content\/uploads\/shutterstock_285823307-1024x683.jpg\" class=\"image wp-image-1575  attachment-large size-large\" alt=\"\" style=\"max-width: 100%; height: auto;\" srcset=\"https:\/\/www.iron-horse.bike\/wp-content\/uploads\/shutterstock_285823307-1024x683.jpg 1024w, https:\/\/www.iron-horse.bike\/wp-content\/uploads\/shutterstock_285823307-300x200.jpg 300w, https:\/\/www.iron-horse.bike\/wp-content\/uploads\/shutterstock_285823307-768x512.jpg 768w, https:\/\/www.iron-horse.bike\/wp-content\/uploads\/shutterstock_285823307-600x400.jpg 600w\" sizes=\"auto, (max-width: 1024px) 100vw, 1024px\" \/><\/div><div id=\"panel-1585-2-2-1\" class=\"so-panel widget widget_text panel-last-child\" data-index=\"8\" >\t\t\t<div class=\"textwidget\"><p>Onko ajatuksissa py\u00f6rinyt moottorin suurennus?\u00a0Moottorin suurentaminen on ehk\u00e4 halvempaa sek\u00e4\u00a0helpompaa kuin olet luullut. Saat kaikki paketit meilt\u00e4\u00a0sinua varten r\u00e4\u00e4t\u00e4l\u00f6ityn\u00e4\u00a0sek\u00e4\u00a0asennettuna.\u00a0Sinun tarvitsee vain valita miten paljon tehoa lis\u00e4t\u00e4\u00e4n.<\/p>\n<p>Hinnat vaihtelevat pakettien laajuuden mukaan. Esimerkiksi Harley-Davidsoniin:<br \/>\n1600-&gt;1700 Stage II Screamin Eagle paketti<br \/>\n\u2013 M\u00e4nn\u00e4t<br \/>\n\u2013 Sylinterit<br \/>\n\u2013 SE-255 nokat<br \/>\n\u2013 J\u00e4ykempi kytkimen jousi<br \/>\n\u2013 Tiivisteet<\/p>\n<p><strong>Asennettuna n. 1600e.\u00a0<\/strong>Lis\u00e4ksi saatat tarvita ruiskun p\u00e4ivityksen (esim. power comander, SE Super tuner tms.), vapaavirtaussuodattimen sek\u00e4 avarammat putket<\/p>\n<\/div>\n\t\t<\/div><\/div><\/div><div id=\"pg-1585-3\"  class=\"panel-grid panel-no-style\" ><div id=\"pgc-1585-3-0\"  class=\"panel-grid-cell\" ><div id=\"panel-1585-3-0-0\" class=\"so-panel widget widget_media_image panel-first-child\" data-index=\"9\" ><h3 class=\"widget-title\">Asennukset<\/h3><img loading=\"lazy\" decoding=\"async\" width=\"600\" height=\"450\" src=\"https:\/\/www.iron-horse.bike\/wp-content\/uploads\/64115-04-2.jpg\" class=\"image wp-image-1067  attachment-full size-full\" alt=\"\" style=\"max-width: 100%; height: auto;\" srcset=\"https:\/\/www.iron-horse.bike\/wp-content\/uploads\/64115-04-2.jpg 600w, https:\/\/www.iron-horse.bike\/wp-content\/uploads\/64115-04-2-300x225.jpg 300w, https:\/\/www.iron-horse.bike\/wp-content\/uploads\/64115-04-2-148x111.jpg 148w, https:\/\/www.iron-horse.bike\/wp-content\/uploads\/64115-04-2-31x23.jpg 31w, https:\/\/www.iron-horse.bike\/wp-content\/uploads\/64115-04-2-38x28.jpg 38w, https:\/\/www.iron-horse.bike\/wp-content\/uploads\/64115-04-2-286x215.jpg 286w, https:\/\/www.iron-horse.bike\/wp-content\/uploads\/64115-04-2-400x300.jpg 400w\" sizes=\"auto, (max-width: 600px) 100vw, 600px\" \/><\/div><div id=\"panel-1585-3-0-1\" class=\"so-panel widget widget_text panel-last-child\" data-index=\"10\" >\t\t\t<div class=\"textwidget\"><p>Tarvitsetpa py\u00f6r\u00e4\u00e4si selk\u00e4nojaa, lis\u00e4valoja, uutta rengasta tai kokonaan uuden takap\u00e4\u00e4n, voit antaa py\u00f6r\u00e4si asiantuntevaan huoltoomme. Kerro meille mit\u00e4 py\u00f6r\u00e4\u00e4si haluat, me kerromme sinulle miten se toteutetaan.<\/p>\n<p>Asennusty\u00f6t veloitetaan joko sovitusti kiinte\u00e4ll\u00e4 veloituksella tai tuntiveloituksen mukaan riippuen asennuksen vaativuudesta ja k\u00e4ytett\u00e4v\u00e4n ajan ennalta arvioitavuudesta.<\/p>\n<p><strong>Tuntiveloituksemme on 82,00\u20ac\/h<\/strong><\/p>\n<\/div>\n\t\t<\/div><\/div><div id=\"pgc-1585-3-1\"  class=\"panel-grid-cell\" ><div id=\"panel-1585-3-1-0\" class=\"so-panel widget widget_media_image panel-first-child\" data-index=\"11\" ><h3 class=\"widget-title\">Customointi<\/h3><img loading=\"lazy\" decoding=\"async\" width=\"1024\" height=\"1024\" src=\"https:\/\/www.iron-horse.bike\/wp-content\/uploads\/shutterstock_152179454-1024x1024.jpg\" class=\"image wp-image-1611  attachment-large size-large\" alt=\"\" style=\"max-width: 100%; height: auto;\" srcset=\"https:\/\/www.iron-horse.bike\/wp-content\/uploads\/shutterstock_152179454-1024x1024.jpg 1024w, https:\/\/www.iron-horse.bike\/wp-content\/uploads\/shutterstock_152179454-150x150.jpg 150w, https:\/\/www.iron-horse.bike\/wp-content\/uploads\/shutterstock_152179454-300x300.jpg 300w, https:\/\/www.iron-horse.bike\/wp-content\/uploads\/shutterstock_152179454-768x768.jpg 768w, https:\/\/www.iron-horse.bike\/wp-content\/uploads\/shutterstock_152179454-90x90.jpg 90w, https:\/\/www.iron-horse.bike\/wp-content\/uploads\/shutterstock_152179454-45x45.jpg 45w\" sizes=\"auto, (max-width: 1024px) 100vw, 1024px\" \/><\/div><div id=\"panel-1585-3-1-1\" class=\"so-panel widget widget_text panel-last-child\" data-index=\"12\" >\t\t\t<div class=\"textwidget\"><p>Suuren varaston sek\u00e4 laajan toimittajaverkostomme ansiosta saat kauttamme custom osat py\u00f6r\u00e4\u00e4si.\u00a0Rakennamme my\u00f6s kanssasi juuri sellaisen py\u00f6r\u00e4n kuin sin\u00e4 haluat. Yhdess\u00e4 yhteisty\u00f6kumppaneiden kanssa teemme py\u00f6r\u00e4\u00e4si rungonmuutokset, maalaukset, per\u00e4nlevitykset sek\u00e4 tarvittaessa my\u00f6s uuden koneen. Hoidamme rekister\u00f6inti- sek\u00e4 muutoskatsastusasiat valmiiksi avaimet k\u00e4teen periaatteella.<\/p>\n<\/div>\n\t\t<\/div><\/div><div id=\"pgc-1585-3-2\"  class=\"panel-grid-cell\" ><div id=\"panel-1585-3-2-0\" class=\"so-panel widget widget_media_image panel-first-child\" data-index=\"13\" ><h3 class=\"widget-title\">Fixaus<\/h3><img loading=\"lazy\" decoding=\"async\" width=\"1024\" height=\"683\" src=\"https:\/\/www.iron-horse.bike\/wp-content\/uploads\/shutterstock_193764902-1024x683.jpg\" class=\"image wp-image-1615  attachment-large size-large\" alt=\"\" style=\"max-width: 100%; height: auto;\" srcset=\"https:\/\/www.iron-horse.bike\/wp-content\/uploads\/shutterstock_193764902-1024x683.jpg 1024w, https:\/\/www.iron-horse.bike\/wp-content\/uploads\/shutterstock_193764902-300x200.jpg 300w, https:\/\/www.iron-horse.bike\/wp-content\/uploads\/shutterstock_193764902-768x512.jpg 768w, https:\/\/www.iron-horse.bike\/wp-content\/uploads\/shutterstock_193764902-600x400.jpg 600w\" sizes=\"auto, (max-width: 1024px) 100vw, 1024px\" \/><\/div><div id=\"panel-1585-3-2-1\" class=\"so-panel widget widget_text panel-last-child\" data-index=\"14\" >\t\t\t<div class=\"textwidget\"><p>Jokaisessa py\u00f6r\u00e4ss\u00e4 tulee i\u00e4n mukana pient\u00e4 k\u00e4yt\u00f6n j\u00e4lke\u00e4 maalipintaan. K\u00e4sittelyss\u00e4mme h\u00e4vi\u00e4\u00e4 pienet ja v\u00e4h\u00e4n isommatkin naarmut\/maalipintavauriot ja py\u00f6r\u00e4n kiilto palautuu. Kun lopuksi p\u00e4\u00e4lle laitetaan likaa hylkiv\u00e4 kovavaha, niin py\u00f6r\u00e4n pesu jatkossa on helppoa.<\/p>\n<\/div>\n\t\t<\/div><\/div><\/div><\/div>","protected":false},"excerpt":{"rendered":"<p>Asiantunteva sek\u00e4 palveleva huoltomme suorittaa py\u00f6r\u00e4\u00e4si pienemm\u00e4t s\u00e4\u00e4d\u00f6t, m\u00e4\u00e4r\u00e4aikaishuollot, vaativat asennukset ja suuret koneremontit ja kuutioiden kasvatuksen. Tavoitteenamme on, ett\u00e4 kes\u00e4sesongin aikana huolto-ajan saa alle viikon sis\u00e4lle ja usein jopa seuraavaksi p\u00e4iv\u00e4ksi. Matkan varrella sattuneet korjaukset pyrimme hoitamaan mahdollisimman ripe\u00e4sti ja usein haaksirikkoiset p\u00e4\u00e4sev\u00e4tkin jatkamaan matkaansa saman p\u00e4iv\u00e4n aikana. Tapauksesta riippuen tietenkin. Kuitenkin aikataulumme sek\u00e4 [&hellip;]<\/p>\n<p class=\"more-link style2\"><a href=\"https:\/\/www.iron-horse.bike\/?page_id=1585\"  class=\"themebutton\"><span class=\"more-text\">READ MORE<\/span><span class=\"more-icon\"><i class=\"fa fa-angle-right fa-lg\"><\/i><\/span><\/a><\/p>\n","protected":false},"author":1,"featured_media":0,"parent":0,"menu_order":0,"comment_status":"closed","ping_status":"closed","template":"","meta":{"footnotes":""},"categories":[],"tags":[],"class_list":["post-1585","page","type-page","status-publish","hentry"],"_links":{"self":[{"href":"https:\/\/www.iron-horse.bike\/index.php?rest_route=\/wp\/v2\/pages\/1585","targetHints":{"allow":["GET"]}}],"collection":[{"href":"https:\/\/www.iron-horse.bike\/index.php?rest_route=\/wp\/v2\/pages"}],"about":[{"href":"https:\/\/www.iron-horse.bike\/index.php?rest_route=\/wp\/v2\/types\/page"}],"author":[{"embeddable":true,"href":"https:\/\/www.iron-horse.bike\/index.php?rest_route=\/wp\/v2\/users\/1"}],"replies":[{"embeddable":true,"href":"https:\/\/www.iron-horse.bike\/index.php?rest_route=%2Fwp%2Fv2%2Fcomments&post=1585"}],"version-history":[{"count":40,"href":"https:\/\/www.iron-horse.bike\/index.php?rest_route=\/wp\/v2\/pages\/1585\/revisions"}],"predecessor-version":[{"id":2112,"href":"https:\/\/www.iron-horse.bike\/index.php?rest_route=\/wp\/v2\/pages\/1585\/revisions\/2112"}],"wp:attachment":[{"href":"https:\/\/www.iron-horse.bike\/index.php?rest_route=%2Fwp%2Fv2%2Fmedia&parent=1585"}],"wp:term":[{"taxonomy":"category","embeddable":true,"href":"https:\/\/www.iron-horse.bike\/index.php?rest_route=%2Fwp%2Fv2%2Fcategories&post=1585"},{"taxonomy":"post_tag","embeddable":true,"href":"https:\/\/www.iron-horse.bike\/index.php?rest_route=%2Fwp%2Fv2%2Ftags&post=1585"}],"curies":[{"name":"wp","href":"https:\/\/api.w.org\/{rel}","templated":true}]}}