{"id":1641,"date":"2018-09-25T21:28:20","date_gmt":"2018-09-25T18:28:20","guid":{"rendered":"http:\/\/www.iron-horse.bike\/?page_id=1641"},"modified":"2024-10-15T16:37:28","modified_gmt":"2024-10-15T13:37:28","slug":"rengastyot-myos-henkiloautoihin","status":"publish","type":"page","link":"https:\/\/www.iron-horse.bike\/?page_id=1641","title":{"rendered":"Rengasty\u00f6t my\u00f6s henkil\u00f6autoihin"},"content":{"rendered":"<p>Meilt\u00e4 onnistuu rengasty\u00f6t my\u00f6s henkil\u00f6autoihin.<\/p>\n<p>Renkaiden vaihto irtovanteille sis\u00e4lt\u00e4en tasapainotuksen sek\u00e4 uudet venttiilit:<br \/>\n10&#8243;-16&#8243; 45e<br \/>\n17&#8243;-18&#8243; 50e<br \/>\n19&#8243;-22&#8243; 60e<\/p>\n<p>Erikoisrenkaat (leve\u00e4t \/ matalaprofiilirenkaat) tapauskohtaisesti.<\/p>\n<p>Kausivaihto 25e\/henkil\u00f6auto. 30e\/pakettiauto.<\/p>\n","protected":false},"excerpt":{"rendered":"<p>Meilt\u00e4 onnistuu rengasty\u00f6t my\u00f6s henkil\u00f6autoihin. Renkaiden vaihto irtovanteille sis\u00e4lt\u00e4en tasapainotuksen sek\u00e4 uudet venttiilit: 10&#8243;-16&#8243; 45e 17&#8243;-18&#8243; 50e 19&#8243;-22&#8243; 60e Erikoisrenkaat (leve\u00e4t \/ matalaprofiilirenkaat) tapauskohtaisesti. Kausivaihto 25e\/henkil\u00f6auto. 30e\/pakettiauto.<\/p>\n","protected":false},"author":1,"featured_media":0,"parent":0,"menu_order":0,"comment_status":"closed","ping_status":"closed","template":"","meta":{"footnotes":""},"categories":[],"tags":[],"class_list":["post-1641","page","type-page","status-publish","hentry"],"_links":{"self":[{"href":"https:\/\/www.iron-horse.bike\/index.php?rest_route=\/wp\/v2\/pages\/1641","targetHints":{"allow":["GET"]}}],"collection":[{"href":"https:\/\/www.iron-horse.bike\/index.php?rest_route=\/wp\/v2\/pages"}],"about":[{"href":"https:\/\/www.iron-horse.bike\/index.php?rest_route=\/wp\/v2\/types\/page"}],"author":[{"embeddable":true,"href":"https:\/\/www.iron-horse.bike\/index.php?rest_route=\/wp\/v2\/users\/1"}],"replies":[{"embeddable":true,"href":"https:\/\/www.iron-horse.bike\/index.php?rest_route=%2Fwp%2Fv2%2Fcomments&post=1641"}],"version-history":[{"count":5,"href":"https:\/\/www.iron-horse.bike\/index.php?rest_route=\/wp\/v2\/pages\/1641\/revisions"}],"predecessor-version":[{"id":2086,"href":"https:\/\/www.iron-horse.bike\/index.php?rest_route=\/wp\/v2\/pages\/1641\/revisions\/2086"}],"wp:attachment":[{"href":"https:\/\/www.iron-horse.bike\/index.php?rest_route=%2Fwp%2Fv2%2Fmedia&parent=1641"}],"wp:term":[{"taxonomy":"category","embeddable":true,"href":"https:\/\/www.iron-horse.bike\/index.php?rest_route=%2Fwp%2Fv2%2Fcategories&post=1641"},{"taxonomy":"post_tag","embeddable":true,"href":"https:\/\/www.iron-horse.bike\/index.php?rest_route=%2Fwp%2Fv2%2Ftags&post=1641"}],"curies":[{"name":"wp","href":"https:\/\/api.w.org\/{rel}","templated":true}]}}