{"id":1661,"date":"2020-03-30T09:54:30","date_gmt":"2020-03-30T06:54:30","guid":{"rendered":"http:\/\/www.iron-horse.bike\/?page_id=1661"},"modified":"2025-04-07T11:38:47","modified_gmt":"2025-04-07T08:38:47","slug":"techno-research","status":"publish","type":"page","link":"https:\/\/www.iron-horse.bike\/?page_id=1661","title":{"rendered":"Polttoaineoptimoinnit"},"content":{"rendered":"<p>T\u00e4t\u00e4 palvelua ei vain voi koskaan kehua liikaa. T\u00e4st\u00e4 olemme saaneet vain ja ainoastaan posiviista palautetta kerta toisensa j\u00e4lkeen. Techno Research on tuote joka korvaa sek\u00e4 erilliset py\u00f6r\u00e4\u00e4n asennettavat lis\u00e4laitteet ja dynopenkin tarpeen. Vaikka meill\u00e4 nyky\u00e4\u00e4n l\u00f6ytyy my\u00f6s dyno niin sen k\u00e4ytt\u00f6 Technon kanssa on tarpeetonta tai tarkemmin sanoen ei edes suositeltavaa. Korkeintaan penkiss\u00e4 haetaan polttoainekarttojen ns. \u00e4\u00e4rialueet, mutta muutoin kartat saa parhaiten s\u00e4\u00e4detty\u00e4 tien p\u00e4\u00e4ll\u00e4 oikeassa k\u00e4ytt\u00f6ymp\u00e4rist\u00f6ss\u00e4. Technon on kehitt\u00e4neet samat henkil\u00f6t jotka ovat olleet kehitt\u00e4m\u00e4ss\u00e4 H-D:n omaa Screamin Eaglen ohjelmistoa ja ei olekaan ihme, ett\u00e4 my\u00f6s k\u00e4ytt\u00f6liittym\u00e4t ovat kovin samankaltaiset.<\/p>\n<p>K\u00e4yt\u00e4nn\u00f6ss\u00e4 ruiskun s\u00e4\u00e4t\u00f6 tapahtuu laajakaistalambdojen avulla jotka asennetaan py\u00f6r\u00e4n putkistoon. T\u00e4m\u00e4n j\u00e4lkeen tietokoneella m\u00e4\u00e4ritell\u00e4\u00e4n millaista seosta l\u00e4hdet\u00e4\u00e4n hakemaan eli millainen seos pit\u00e4isi saada putken p\u00e4\u00e4st\u00e4 ulos. Puhutaan AFR arvosta. Kun m\u00e4\u00e4ritykset on tehty niin t\u00e4m\u00e4n j\u00e4lkeen py\u00f6r\u00e4ll\u00e4 ajetaan oikeassa ymp\u00e4rist\u00f6ss\u00e4 eri tilanteissa jonka aikana ohjelmisto ker\u00e4\u00e4 dataa. Data luetaan lohko kerrallaan eri kierrosluvun ja kaasun asennon mukaan ja t\u00e4m\u00e4 tapahtuu noin 50 kierrosluvun tarkkuudella. T\u00e4m\u00e4n j\u00e4lkeen tietokone analysoi jokaisen lohkon jossa se vertaa mik\u00e4 arvo lohkoon on asetettu ja mit\u00e4 siin\u00e4 kohtaa k\u00e4yt\u00e4nn\u00f6ss\u00e4 on luettu. T\u00e4m\u00e4n j\u00e4lkeen tietokone luo korjaavan kartan jossa tekee tarvittavat muutokset saavuttaakseen optimaalisen polttoaineseoksen jokaiselle lohkolle. N\u00e4it\u00e4 ajoja tehd\u00e4\u00e4n useita niin pitk\u00e4\u00e4n kun saavutetaan toivotta lopputulos. Ajoja otetaan niin kaupunkiymp\u00e4rist\u00f6ss\u00e4 kuin maantiell\u00e4 ja k\u00e4yd\u00e4\u00e4n ajon aikana l\u00e4pi kaikki vaihteet ja kierrosalueet. Lopulta polttoainekartta ajetaan suoraan py\u00f6r\u00e4n omaan ECU:n jolloin ei tarvita Power commanderia, Fuelpackia tms.<\/p>\n<p>Joku saattaa h\u00e4mm\u00e4stell\u00e4 miksi n\u00e4m\u00e4 ajetaan tien p\u00e4\u00e4ll\u00e4 eik\u00e4 dyno penkiss\u00e4. K\u00e4yt\u00e4nn\u00f6ss\u00e4 niin oudolta kuin se saattaa kuulostaakin tien p\u00e4\u00e4ll\u00e4 ajettu kartta on parempi kuin dynossa. T\u00e4h\u00e4n vaikuttavat useat eri tekij\u00e4t. Ensinn\u00e4kin dynossa py\u00f6r\u00e4n vierint\u00e4vastus saavutetaan keinotekoisesti &#8211; meill\u00e4 se on s\u00e4hk\u00f6magneettinen jarru. Se ei koskaan vastaan tien p\u00e4\u00e4ll\u00e4 syntyv\u00e4\u00e4 vastusta. Lis\u00e4ksi ilma ja moottorin j\u00e4\u00e4htyminen ovat yksi iso tekij\u00e4. Useissa H-D:n s\u00e4\u00e4d\u00f6iss\u00e4 polttoainekarttaan vaikuttaa imukaulan ilmanpaine joka on erilainen puheltimella tuotettuna kuin vapaasti virtaavana. S\u00e4\u00e4t\u00f6j\u00e4 on t\u00e4ss\u00e4 verrattu dynossa ja tien p\u00e4\u00e4ll\u00e4 ajettuihin ja dynossa samoilla laitteilla suoritettu s\u00e4\u00e4t\u00f6 menee auttamatta laihalle.<\/p>\n<p>Hinta s\u00e4\u00e4d\u00f6lle on 650,00\u20ac kaikkine kuluineen (pid\u00e4t\u00e4mme oikeuden hinnanmuutokseen). Techno s\u00e4\u00e4d\u00f6t t\u00e4ll\u00e4 hetkell\u00e4 Delphin ruiskulla varustettuihin Harley-Davidsoneihin. Lis\u00e4ksi meill\u00e4 on k\u00e4yt\u00f6ss\u00e4mme Woolich Racingin laitteisto joilla p\u00e4\u00e4st\u00e4\u00e4n my\u00f6s useaan muuhun merkkiin sis\u00e4lle.<\/p>\n<p><strong>T\u00e4ss\u00e4 muutamia asiakkaiden antamia kommentteja s\u00e4\u00e4d\u00f6st\u00e4:<\/strong><\/p>\n<ul>\n<li>Vaikka &#8221;takapenkkil\u00e4inen&#8221; Ei n\u00e4ist\u00e4 oikein mit\u00e4\u00e4n oikein ymm\u00e4rr\u00e4k\u00e4\u00e4n niin Is\u00e4nt\u00e4 kehui et nyt pelitt\u00e4\u00e4!!!<\/li>\n<li>Peukkua t\u00e4\u00e4lt\u00e4, omaan py\u00f6r\u00e4\u00e4n Jarmo s\u00e4\u00e4ti kartat kev\u00e4\u00e4ll\u00e4 ja kyll\u00e4h\u00e4n tuo on eri py\u00f6r\u00e4, toimii!<\/li>\n<li>Arpaonnen suosima n\u00f6yr\u00e4n\u00e4 kiitt\u00e4\u00e4 ja kumartaa!<span class=\"q9uorilb tbxw36s4 knj5qynh kvgmc6g5 ditlmg2l oygrvhab nvdbi5me fgm26odu gl3lb2sf hhz5lgdu\"><img loading=\"lazy\" decoding=\"async\" src=\"https:\/\/static.xx.fbcdn.net\/images\/emoji.php\/v9\/t7f\/1\/16\/1f60a.png\" alt=\"?\" width=\"16\" height=\"16\" \/><\/span>\u00a0Kotimatka tultiinkin v\u00e4h\u00e4n pidemm\u00e4n kaavan kautta, kun oli niin mukava p\u00e4\u00e4stell\u00e4.<span class=\"q9uorilb tbxw36s4 knj5qynh kvgmc6g5 ditlmg2l oygrvhab nvdbi5me fgm26odu gl3lb2sf hhz5lgdu\"><img loading=\"lazy\" decoding=\"async\" src=\"https:\/\/static.xx.fbcdn.net\/images\/emoji.php\/v9\/tb7\/1\/16\/1f917.png\" alt=\"?\" width=\"16\" height=\"16\" \/><\/span>\u00a0Electra kulki kuin unelma! V\u00e4\u00e4nt\u00e4\u00e4 mukavasti alhaalta, vastaa kaasuun eik\u00e4 putket pauku. Vahvasti suosittelen!!<span class=\"q9uorilb tbxw36s4 knj5qynh kvgmc6g5 ditlmg2l oygrvhab nvdbi5me fgm26odu gl3lb2sf hhz5lgdu\"><img loading=\"lazy\" decoding=\"async\" src=\"https:\/\/static.xx.fbcdn.net\/images\/emoji.php\/v9\/t6c\/1\/16\/1f4aa.png\" alt=\"?\" width=\"16\" height=\"16\" \/><\/span><\/li>\n<li>Meik\u00e4n Electra s\u00e4\u00e4dettiin my\u00f6s ja se ei oo en\u00e4\u00e4 sama py\u00f6r\u00e4 kulultaan, jopa rouva huomasi muutoksen kun kyytiin nousi&#8230; Iso kiitos ja suosittelut my\u00f6s t\u00e4\u00e4lt\u00e4!!<\/li>\n<li>Py\u00f6r\u00e4st\u00e4 tuli hyv\u00e4. Paremmin tuli esiin kaksi p\u00e4\u00e4ll\u00e4 ajaessa. Bensan kulutuksesta ei tied\u00e4 tuli laskettua senverran railakkaasti. Kiitos viel\u00e4.<\/li>\n<li>Hyvin vet\u00e4\u00e4 py\u00f6r\u00e4 ja kaasuun reagoi ihan eri lailla. Kiitos!<\/li>\n<li>Moro, eritt\u00e4in hyvin toimi py\u00f6r\u00e4 s\u00e4\u00e4d\u00f6n j\u00e4lkeen. Mm se p\u00e4tkiminen kokonaan pois. Kiitokset<\/li>\n<li>Sportster koki ison muutoksen. V\u00e4\u00e4t\u00f6 parani mahtavasti koko kierrosalueella, kaasuun reagointi herkistyi. Isona bonuksena my\u00f6s 300km kotimatkalla mitattiin niin polttoaineen kulutus laski yli 20%.Streetglide kulkee tasaisesti koko kierrosalueella ja v\u00e4\u00e4nt\u00f6 lis\u00e4\u00e4ntyi merkitt\u00e4v\u00e4sti varsinkin alakierroksilla. Ei tarvinnt pyk\u00e4l\u00e4\u00e4 vaihdetta edes nopeassa ohituksessa. Kiitos hyv\u00e4st ty\u00f6st\u00e4 ja palvelusta. Hyv\u00e4 kello kauas kuuluu.<\/li>\n<li>Py\u00f6r\u00e4st\u00e4 tuli parempi, kuin olisi osannut haaveillakaan.<\/li>\n<li>K\u00e4ytin HDn ruiskun optimointihommassa. Jarmo vastaili kaikkeen k\u00e4rsiv\u00e4llisesti ja kertoi kaiken tarpeellisen. S\u00e4\u00e4t\u00f6 onnistui vallan mainiosti ja py\u00f6r\u00e4 toimii aikaisempaa paremmin. Ei mit\u00e4\u00e4n valittamista mink\u00e4\u00e4n suhteen.<\/li>\n<li>Eritt\u00e4in hyv\u00e4 ja yst\u00e4v\u00e4llinen palvelu ! ?Py\u00f6r\u00e4n s\u00e4\u00e4d\u00f6t on nyt kohillaan viimesen p\u00e4\u00e4lle! ? Suosittelen kaikille muille my\u00f6s !<\/li>\n<\/ul>\n<p>Vastaavia palautteita on tipahdellut puhelimeen sek\u00e4 sosiaaliseen mediaan s\u00e4\u00e4nn\u00f6llisesti. Optimoinnilla on siis valtavan suuri merkitys py\u00f6r\u00e4n toimintaan.<\/p>\n","protected":false},"excerpt":{"rendered":"<p>T\u00e4t\u00e4 palvelua ei vain voi koskaan kehua liikaa. T\u00e4st\u00e4 olemme saaneet vain ja ainoastaan posiviista palautetta kerta toisensa j\u00e4lkeen. Techno Research on tuote joka korvaa sek\u00e4 erilliset py\u00f6r\u00e4\u00e4n asennettavat lis\u00e4laitteet ja dynopenkin tarpeen. Vaikka meill\u00e4 nyky\u00e4\u00e4n l\u00f6ytyy my\u00f6s dyno niin sen k\u00e4ytt\u00f6 Technon kanssa on tarpeetonta tai tarkemmin sanoen ei edes suositeltavaa. Korkeintaan penkiss\u00e4 haetaan [&hellip;]<\/p>\n<p class=\"more-link style2\"><a href=\"https:\/\/www.iron-horse.bike\/?page_id=1661\"  class=\"themebutton\"><span class=\"more-text\">READ MORE<\/span><span class=\"more-icon\"><i class=\"fa fa-angle-right fa-lg\"><\/i><\/span><\/a><\/p>\n","protected":false},"author":1,"featured_media":1516,"parent":0,"menu_order":0,"comment_status":"closed","ping_status":"closed","template":"","meta":{"footnotes":""},"categories":[],"tags":[],"class_list":["post-1661","page","type-page","status-publish","has-post-thumbnail","hentry"],"_links":{"self":[{"href":"https:\/\/www.iron-horse.bike\/index.php?rest_route=\/wp\/v2\/pages\/1661","targetHints":{"allow":["GET"]}}],"collection":[{"href":"https:\/\/www.iron-horse.bike\/index.php?rest_route=\/wp\/v2\/pages"}],"about":[{"href":"https:\/\/www.iron-horse.bike\/index.php?rest_route=\/wp\/v2\/types\/page"}],"author":[{"embeddable":true,"href":"https:\/\/www.iron-horse.bike\/index.php?rest_route=\/wp\/v2\/users\/1"}],"replies":[{"embeddable":true,"href":"https:\/\/www.iron-horse.bike\/index.php?rest_route=%2Fwp%2Fv2%2Fcomments&post=1661"}],"version-history":[{"count":6,"href":"https:\/\/www.iron-horse.bike\/index.php?rest_route=\/wp\/v2\/pages\/1661\/revisions"}],"predecessor-version":[{"id":2098,"href":"https:\/\/www.iron-horse.bike\/index.php?rest_route=\/wp\/v2\/pages\/1661\/revisions\/2098"}],"wp:featuredmedia":[{"embeddable":true,"href":"https:\/\/www.iron-horse.bike\/index.php?rest_route=\/wp\/v2\/media\/1516"}],"wp:attachment":[{"href":"https:\/\/www.iron-horse.bike\/index.php?rest_route=%2Fwp%2Fv2%2Fmedia&parent=1661"}],"wp:term":[{"taxonomy":"category","embeddable":true,"href":"https:\/\/www.iron-horse.bike\/index.php?rest_route=%2Fwp%2Fv2%2Fcategories&post=1661"},{"taxonomy":"post_tag","embeddable":true,"href":"https:\/\/www.iron-horse.bike\/index.php?rest_route=%2Fwp%2Fv2%2Ftags&post=1661"}],"curies":[{"name":"wp","href":"https:\/\/api.w.org\/{rel}","templated":true}]}}