{"id":1694,"date":"2021-05-15T22:17:14","date_gmt":"2021-05-15T19:17:14","guid":{"rendered":"http:\/\/www.iron-horse.bike\/?page_id=1694"},"modified":"2022-05-31T20:21:26","modified_gmt":"2022-05-31T17:21:26","slug":"laser","status":"publish","type":"page","link":"https:\/\/www.iron-horse.bike\/?page_id=1694","title":{"rendered":"Laserleikkaus"},"content":{"rendered":"<p>Yrityksest\u00e4mme l\u00f6ytyy korkealaatuinen Trotecin CO2 laserleikkuri jolla voimme leikata mm. kannentiivisteet, teippaukset, sapluunat tai mit\u00e4 nyt milloinkin sattuu tarvitsemaan. Ohessa muutama tuote joita laserilla tullut valmistettua. Laser pystyy kaivertamaan mm. lasiin \/ peiliin \/ muoviin \/ puuhun \/ nahkaan jne. Laitteella voidaan valmistaa my\u00f6s uniikki lahja vaikkapa oman moottoripy\u00f6r\u00e4n kuvasta. Kysy rohkeasti lis\u00e4\u00e4 jos kaipaat jotain erilaista.<\/p>\n<p>T\u00e4m\u00e4n lis\u00e4ksi l\u00f6ytyy my\u00f6s pulverimaalaustarvikkeet pienien osien maalaamiseen. Pulverimaalauksen voi yhdist\u00e4\u00e4 laseriin ja t\u00e4ll\u00e4 tavoin esimerkiksi ensin maalataan osa haluttuun v\u00e4riin ja t\u00e4m\u00e4n j\u00e4lkeen kaiverretaan kuvio maalipintaan.<\/p>\n\n\t\t<style type=\"text\/css\">\n\t\t\t#gallery-1 {\n\t\t\t\tmargin: auto;\n\t\t\t}\n\t\t\t#gallery-1 .gallery-item {\n\t\t\t\tfloat: left;\n\t\t\t\tmargin-top: 10px;\n\t\t\t\ttext-align: center;\n\t\t\t\twidth: 33%;\n\t\t\t}\n\t\t\t#gallery-1 img {\n\t\t\t\tborder: 2px solid #cfcfcf;\n\t\t\t}\n\t\t\t#gallery-1 .gallery-caption {\n\t\t\t\tmargin-left: 0;\n\t\t\t}\n\t\t\t\/* see gallery_shortcode() in wp-includes\/media.php *\/\n\t\t<\/style>\n\t\t<div id='gallery-1' class='gallery galleryid-1694 gallery-columns-3 gallery-size-thumbnail'><dl class='gallery-item'>\n\t\t\t<dt class='gallery-icon landscape'>\n\t\t\t\t<a href='https:\/\/www.iron-horse.bike\/wp-content\/uploads\/20210422_092541.jpg'><img loading=\"lazy\" decoding=\"async\" width=\"150\" height=\"150\" src=\"https:\/\/www.iron-horse.bike\/wp-content\/uploads\/20210422_092541-150x150.jpg\" class=\"attachment-thumbnail size-thumbnail\" alt=\"\" srcset=\"https:\/\/www.iron-horse.bike\/wp-content\/uploads\/20210422_092541-150x150.jpg 150w, https:\/\/www.iron-horse.bike\/wp-content\/uploads\/20210422_092541-45x45.jpg 45w\" sizes=\"auto, (max-width: 150px) 100vw, 150px\" \/><\/a>\n\t\t\t<\/dt><\/dl><dl class='gallery-item'>\n\t\t\t<dt class='gallery-icon landscape'>\n\t\t\t\t<a href='https:\/\/www.iron-horse.bike\/wp-content\/uploads\/20210426_102643.jpg'><img loading=\"lazy\" decoding=\"async\" width=\"150\" height=\"150\" src=\"https:\/\/www.iron-horse.bike\/wp-content\/uploads\/20210426_102643-150x150.jpg\" class=\"attachment-thumbnail size-thumbnail\" alt=\"\" srcset=\"https:\/\/www.iron-horse.bike\/wp-content\/uploads\/20210426_102643-150x150.jpg 150w, https:\/\/www.iron-horse.bike\/wp-content\/uploads\/20210426_102643-45x45.jpg 45w\" sizes=\"auto, (max-width: 150px) 100vw, 150px\" \/><\/a>\n\t\t\t<\/dt><\/dl><dl class='gallery-item'>\n\t\t\t<dt class='gallery-icon landscape'>\n\t\t\t\t<a href='https:\/\/www.iron-horse.bike\/wp-content\/uploads\/186466524_10160103820384063_2730769871848694834_n.jpg'><img loading=\"lazy\" decoding=\"async\" width=\"150\" height=\"150\" src=\"https:\/\/www.iron-horse.bike\/wp-content\/uploads\/186466524_10160103820384063_2730769871848694834_n-150x150.jpg\" class=\"attachment-thumbnail size-thumbnail\" alt=\"\" srcset=\"https:\/\/www.iron-horse.bike\/wp-content\/uploads\/186466524_10160103820384063_2730769871848694834_n-150x150.jpg 150w, https:\/\/www.iron-horse.bike\/wp-content\/uploads\/186466524_10160103820384063_2730769871848694834_n-45x45.jpg 45w\" sizes=\"auto, (max-width: 150px) 100vw, 150px\" \/><\/a>\n\t\t\t<\/dt><\/dl><br style=\"clear: both\" \/><dl class='gallery-item'>\n\t\t\t<dt class='gallery-icon landscape'>\n\t\t\t\t<a href='https:\/\/www.iron-horse.bike\/wp-content\/uploads\/183567134_10160091773559063_4617249020470392555_n.jpg'><img loading=\"lazy\" decoding=\"async\" width=\"150\" height=\"150\" src=\"https:\/\/www.iron-horse.bike\/wp-content\/uploads\/183567134_10160091773559063_4617249020470392555_n-150x150.jpg\" class=\"attachment-thumbnail size-thumbnail\" alt=\"\" srcset=\"https:\/\/www.iron-horse.bike\/wp-content\/uploads\/183567134_10160091773559063_4617249020470392555_n-150x150.jpg 150w, https:\/\/www.iron-horse.bike\/wp-content\/uploads\/183567134_10160091773559063_4617249020470392555_n-45x45.jpg 45w\" sizes=\"auto, (max-width: 150px) 100vw, 150px\" \/><\/a>\n\t\t\t<\/dt><\/dl><dl class='gallery-item'>\n\t\t\t<dt class='gallery-icon landscape'>\n\t\t\t\t<a href='https:\/\/www.iron-horse.bike\/wp-content\/uploads\/20210507_091625.jpg'><img loading=\"lazy\" decoding=\"async\" width=\"150\" height=\"150\" src=\"https:\/\/www.iron-horse.bike\/wp-content\/uploads\/20210507_091625-150x150.jpg\" class=\"attachment-thumbnail size-thumbnail\" alt=\"\" srcset=\"https:\/\/www.iron-horse.bike\/wp-content\/uploads\/20210507_091625-150x150.jpg 150w, https:\/\/www.iron-horse.bike\/wp-content\/uploads\/20210507_091625-45x45.jpg 45w\" sizes=\"auto, (max-width: 150px) 100vw, 150px\" \/><\/a>\n\t\t\t<\/dt><\/dl><dl class='gallery-item'>\n\t\t\t<dt class='gallery-icon landscape'>\n\t\t\t\t<a href='https:\/\/www.iron-horse.bike\/wp-content\/uploads\/20210418_125808.jpg'><img loading=\"lazy\" decoding=\"async\" width=\"150\" height=\"150\" src=\"https:\/\/www.iron-horse.bike\/wp-content\/uploads\/20210418_125808-150x150.jpg\" class=\"attachment-thumbnail size-thumbnail\" alt=\"\" srcset=\"https:\/\/www.iron-horse.bike\/wp-content\/uploads\/20210418_125808-150x150.jpg 150w, https:\/\/www.iron-horse.bike\/wp-content\/uploads\/20210418_125808-45x45.jpg 45w\" sizes=\"auto, (max-width: 150px) 100vw, 150px\" \/><\/a>\n\t\t\t<\/dt><\/dl><br style=\"clear: both\" \/><dl class='gallery-item'>\n\t\t\t<dt class='gallery-icon landscape'>\n\t\t\t\t<a href='https:\/\/www.iron-horse.bike\/wp-content\/uploads\/20210425_181351.jpg'><img loading=\"lazy\" decoding=\"async\" width=\"150\" height=\"150\" src=\"https:\/\/www.iron-horse.bike\/wp-content\/uploads\/20210425_181351-150x150.jpg\" class=\"attachment-thumbnail size-thumbnail\" alt=\"\" srcset=\"https:\/\/www.iron-horse.bike\/wp-content\/uploads\/20210425_181351-150x150.jpg 150w, https:\/\/www.iron-horse.bike\/wp-content\/uploads\/20210425_181351-45x45.jpg 45w\" sizes=\"auto, (max-width: 150px) 100vw, 150px\" \/><\/a>\n\t\t\t<\/dt><\/dl><dl class='gallery-item'>\n\t\t\t<dt class='gallery-icon landscape'>\n\t\t\t\t<a href='https:\/\/www.iron-horse.bike\/wp-content\/uploads\/20210427_091137.jpg'><img loading=\"lazy\" decoding=\"async\" width=\"150\" height=\"150\" src=\"https:\/\/www.iron-horse.bike\/wp-content\/uploads\/20210427_091137-150x150.jpg\" class=\"attachment-thumbnail size-thumbnail\" alt=\"\" srcset=\"https:\/\/www.iron-horse.bike\/wp-content\/uploads\/20210427_091137-150x150.jpg 150w, https:\/\/www.iron-horse.bike\/wp-content\/uploads\/20210427_091137-45x45.jpg 45w\" sizes=\"auto, (max-width: 150px) 100vw, 150px\" \/><\/a>\n\t\t\t<\/dt><\/dl><dl class='gallery-item'>\n\t\t\t<dt class='gallery-icon landscape'>\n\t\t\t\t<a href='https:\/\/www.iron-horse.bike\/wp-content\/uploads\/20210511_202147.jpg'><img loading=\"lazy\" decoding=\"async\" width=\"150\" height=\"150\" src=\"https:\/\/www.iron-horse.bike\/wp-content\/uploads\/20210511_202147-150x150.jpg\" class=\"attachment-thumbnail size-thumbnail\" alt=\"\" srcset=\"https:\/\/www.iron-horse.bike\/wp-content\/uploads\/20210511_202147-150x150.jpg 150w, https:\/\/www.iron-horse.bike\/wp-content\/uploads\/20210511_202147-45x45.jpg 45w\" sizes=\"auto, (max-width: 150px) 100vw, 150px\" \/><\/a>\n\t\t\t<\/dt><\/dl><br style=\"clear: both\" \/><dl class='gallery-item'>\n\t\t\t<dt class='gallery-icon landscape'>\n\t\t\t\t<a href='https:\/\/www.iron-horse.bike\/wp-content\/uploads\/175304897_141931651269844_6910323982575153886_n.jpg'><img loading=\"lazy\" decoding=\"async\" width=\"150\" height=\"150\" src=\"https:\/\/www.iron-horse.bike\/wp-content\/uploads\/175304897_141931651269844_6910323982575153886_n-150x150.jpg\" class=\"attachment-thumbnail size-thumbnail\" alt=\"\" srcset=\"https:\/\/www.iron-horse.bike\/wp-content\/uploads\/175304897_141931651269844_6910323982575153886_n-150x150.jpg 150w, https:\/\/www.iron-horse.bike\/wp-content\/uploads\/175304897_141931651269844_6910323982575153886_n-45x45.jpg 45w\" sizes=\"auto, (max-width: 150px) 100vw, 150px\" \/><\/a>\n\t\t\t<\/dt><\/dl><dl class='gallery-item'>\n\t\t\t<dt class='gallery-icon landscape'>\n\t\t\t\t<a href='https:\/\/www.iron-horse.bike\/wp-content\/uploads\/20220217_205039.jpg'><img loading=\"lazy\" decoding=\"async\" width=\"150\" height=\"150\" src=\"https:\/\/www.iron-horse.bike\/wp-content\/uploads\/20220217_205039-150x150.jpg\" class=\"attachment-thumbnail size-thumbnail\" alt=\"\" srcset=\"https:\/\/www.iron-horse.bike\/wp-content\/uploads\/20220217_205039-150x150.jpg 150w, https:\/\/www.iron-horse.bike\/wp-content\/uploads\/20220217_205039-45x45.jpg 45w\" sizes=\"auto, (max-width: 150px) 100vw, 150px\" \/><\/a>\n\t\t\t<\/dt><\/dl><dl class='gallery-item'>\n\t\t\t<dt class='gallery-icon landscape'>\n\t\t\t\t<a href='https:\/\/www.iron-horse.bike\/wp-content\/uploads\/20220225_161021.jpg'><img loading=\"lazy\" decoding=\"async\" width=\"150\" height=\"150\" src=\"https:\/\/www.iron-horse.bike\/wp-content\/uploads\/20220225_161021-150x150.jpg\" class=\"attachment-thumbnail size-thumbnail\" alt=\"\" srcset=\"https:\/\/www.iron-horse.bike\/wp-content\/uploads\/20220225_161021-150x150.jpg 150w, https:\/\/www.iron-horse.bike\/wp-content\/uploads\/20220225_161021-45x45.jpg 45w\" sizes=\"auto, (max-width: 150px) 100vw, 150px\" \/><\/a>\n\t\t\t<\/dt><\/dl><br style=\"clear: both\" \/><dl class='gallery-item'>\n\t\t\t<dt class='gallery-icon landscape'>\n\t\t\t\t<a href='https:\/\/www.iron-horse.bike\/wp-content\/uploads\/20220302_072315.jpg'><img loading=\"lazy\" decoding=\"async\" width=\"150\" height=\"150\" src=\"https:\/\/www.iron-horse.bike\/wp-content\/uploads\/20220302_072315-150x150.jpg\" class=\"attachment-thumbnail size-thumbnail\" alt=\"\" srcset=\"https:\/\/www.iron-horse.bike\/wp-content\/uploads\/20220302_072315-150x150.jpg 150w, https:\/\/www.iron-horse.bike\/wp-content\/uploads\/20220302_072315-45x45.jpg 45w\" sizes=\"auto, (max-width: 150px) 100vw, 150px\" \/><\/a>\n\t\t\t<\/dt><\/dl><dl class='gallery-item'>\n\t\t\t<dt class='gallery-icon portrait'>\n\t\t\t\t<a href='https:\/\/www.iron-horse.bike\/wp-content\/uploads\/20220410_181653-2.jpg'><img loading=\"lazy\" decoding=\"async\" width=\"150\" height=\"150\" src=\"https:\/\/www.iron-horse.bike\/wp-content\/uploads\/20220410_181653-2-150x150.jpg\" class=\"attachment-thumbnail size-thumbnail\" alt=\"\" srcset=\"https:\/\/www.iron-horse.bike\/wp-content\/uploads\/20220410_181653-2-150x150.jpg 150w, https:\/\/www.iron-horse.bike\/wp-content\/uploads\/20220410_181653-2-45x45.jpg 45w\" sizes=\"auto, (max-width: 150px) 100vw, 150px\" \/><\/a>\n\t\t\t<\/dt><\/dl><dl class='gallery-item'>\n\t\t\t<dt class='gallery-icon landscape'>\n\t\t\t\t<a href='https:\/\/www.iron-horse.bike\/wp-content\/uploads\/20220407_201836.jpg'><img loading=\"lazy\" decoding=\"async\" width=\"150\" height=\"150\" src=\"https:\/\/www.iron-horse.bike\/wp-content\/uploads\/20220407_201836-150x150.jpg\" class=\"attachment-thumbnail size-thumbnail\" alt=\"\" srcset=\"https:\/\/www.iron-horse.bike\/wp-content\/uploads\/20220407_201836-150x150.jpg 150w, https:\/\/www.iron-horse.bike\/wp-content\/uploads\/20220407_201836-45x45.jpg 45w\" sizes=\"auto, (max-width: 150px) 100vw, 150px\" \/><\/a>\n\t\t\t<\/dt><\/dl><br style=\"clear: both\" \/><dl class='gallery-item'>\n\t\t\t<dt class='gallery-icon portrait'>\n\t\t\t\t<a href='https:\/\/www.iron-horse.bike\/wp-content\/uploads\/20211105_212048-2.jpg'><img loading=\"lazy\" decoding=\"async\" width=\"150\" height=\"150\" src=\"https:\/\/www.iron-horse.bike\/wp-content\/uploads\/20211105_212048-2-150x150.jpg\" class=\"attachment-thumbnail size-thumbnail\" alt=\"\" srcset=\"https:\/\/www.iron-horse.bike\/wp-content\/uploads\/20211105_212048-2-150x150.jpg 150w, https:\/\/www.iron-horse.bike\/wp-content\/uploads\/20211105_212048-2-45x45.jpg 45w\" sizes=\"auto, (max-width: 150px) 100vw, 150px\" \/><\/a>\n\t\t\t<\/dt><\/dl>\n\t\t\t<br style='clear: both' \/>\n\t\t<\/div>\n\n","protected":false},"excerpt":{"rendered":"<p>Yrityksest\u00e4mme l\u00f6ytyy korkealaatuinen Trotecin CO2 laserleikkuri jolla voimme leikata mm. kannentiivisteet, teippaukset, sapluunat tai mit\u00e4 nyt milloinkin sattuu tarvitsemaan. Ohessa muutama tuote joita laserilla tullut valmistettua. Laser pystyy kaivertamaan mm. lasiin \/ peiliin \/ muoviin \/ puuhun \/ nahkaan jne. Laitteella voidaan valmistaa my\u00f6s uniikki lahja vaikkapa oman moottoripy\u00f6r\u00e4n kuvasta. Kysy rohkeasti lis\u00e4\u00e4 jos kaipaat [&hellip;]<\/p>\n<p class=\"more-link style2\"><a href=\"https:\/\/www.iron-horse.bike\/?page_id=1694\"  class=\"themebutton\"><span class=\"more-text\">READ MORE<\/span><span class=\"more-icon\"><i class=\"fa fa-angle-right fa-lg\"><\/i><\/span><\/a><\/p>\n","protected":false},"author":1,"featured_media":1695,"parent":0,"menu_order":0,"comment_status":"closed","ping_status":"closed","template":"","meta":{"footnotes":""},"categories":[],"tags":[],"class_list":["post-1694","page","type-page","status-publish","has-post-thumbnail","hentry"],"_links":{"self":[{"href":"https:\/\/www.iron-horse.bike\/index.php?rest_route=\/wp\/v2\/pages\/1694","targetHints":{"allow":["GET"]}}],"collection":[{"href":"https:\/\/www.iron-horse.bike\/index.php?rest_route=\/wp\/v2\/pages"}],"about":[{"href":"https:\/\/www.iron-horse.bike\/index.php?rest_route=\/wp\/v2\/types\/page"}],"author":[{"embeddable":true,"href":"https:\/\/www.iron-horse.bike\/index.php?rest_route=\/wp\/v2\/users\/1"}],"replies":[{"embeddable":true,"href":"https:\/\/www.iron-horse.bike\/index.php?rest_route=%2Fwp%2Fv2%2Fcomments&post=1694"}],"version-history":[{"count":10,"href":"https:\/\/www.iron-horse.bike\/index.php?rest_route=\/wp\/v2\/pages\/1694\/revisions"}],"predecessor-version":[{"id":1863,"href":"https:\/\/www.iron-horse.bike\/index.php?rest_route=\/wp\/v2\/pages\/1694\/revisions\/1863"}],"wp:featuredmedia":[{"embeddable":true,"href":"https:\/\/www.iron-horse.bike\/index.php?rest_route=\/wp\/v2\/media\/1695"}],"wp:attachment":[{"href":"https:\/\/www.iron-horse.bike\/index.php?rest_route=%2Fwp%2Fv2%2Fmedia&parent=1694"}],"wp:term":[{"taxonomy":"category","embeddable":true,"href":"https:\/\/www.iron-horse.bike\/index.php?rest_route=%2Fwp%2Fv2%2Fcategories&post=1694"},{"taxonomy":"post_tag","embeddable":true,"href":"https:\/\/www.iron-horse.bike\/index.php?rest_route=%2Fwp%2Fv2%2Ftags&post=1694"}],"curies":[{"name":"wp","href":"https:\/\/api.w.org\/{rel}","templated":true}]}}