{"id":1895,"date":"2023-01-24T07:21:30","date_gmt":"2023-01-24T05:21:30","guid":{"rendered":"http:\/\/www.iron-horse.bike\/?page_id=1895"},"modified":"2023-01-24T07:55:40","modified_gmt":"2023-01-24T05:55:40","slug":"linhai-monkijat","status":"publish","type":"page","link":"https:\/\/www.iron-horse.bike\/?page_id=1895","title":{"rendered":"Linhai m\u00f6nkij\u00e4t"},"content":{"rendered":"<div id=\"pl-1895\"  class=\"panel-layout\" ><div id=\"pg-1895-0\"  class=\"panel-grid panel-no-style\" ><div id=\"pgc-1895-0-0\"  class=\"panel-grid-cell\" ><div id=\"panel-1895-0-0-0\" class=\"so-panel widget widget_text panel-first-child panel-last-child\" data-index=\"0\" ><h3 class=\"widget-title\">J\u00e4lleenmyynti &#038; huolto<\/h3>\t\t\t<div class=\"textwidget\"><p>Ironhorse Oy on Motorpower Finlandin valtuutettu yhteisty\u00f6kumppani. Meilt\u00e4 saat my\u00f6s uudet Linhai m\u00f6nkij\u00e4t sek\u00e4 valtuutetun huollon.<\/p>\n<\/div>\n\t\t<\/div><\/div><div id=\"pgc-1895-0-1\"  class=\"panel-grid-cell\" ><div id=\"panel-1895-0-1-0\" class=\"so-panel widget widget_media_image panel-first-child panel-last-child\" data-index=\"1\" ><img loading=\"lazy\" decoding=\"async\" width=\"600\" height=\"400\" src=\"https:\/\/www.iron-horse.bike\/wp-content\/uploads\/linhai-500-promax-00111-web-600x400.jpg\" class=\"image wp-image-1901  attachment-vets-post-thumbnail size-vets-post-thumbnail\" alt=\"\" style=\"max-width: 100%; height: auto;\" \/><\/div><\/div><\/div><div id=\"pg-1895-1\"  class=\"panel-grid panel-no-style\" ><div id=\"pgc-1895-1-0\"  class=\"panel-grid-cell\" ><div id=\"panel-1895-1-0-0\" class=\"so-panel widget widget_media_image panel-first-child panel-last-child\" data-index=\"2\" ><img loading=\"lazy\" decoding=\"async\" width=\"600\" height=\"400\" src=\"https:\/\/www.iron-horse.bike\/wp-content\/uploads\/linhai-promax-500-black-001-1240x1000-600x400.png\" class=\"image wp-image-1902  attachment-vets-post-thumbnail size-vets-post-thumbnail\" alt=\"\" style=\"max-width: 100%; height: auto;\" \/><\/div><\/div><div id=\"pgc-1895-1-1\"  class=\"panel-grid-cell\" ><div id=\"panel-1895-1-1-0\" class=\"so-panel widget widget_text panel-first-child panel-last-child\" data-index=\"3\" ><h3 class=\"widget-title\">Linhain historia<\/h3>\t\t\t<div class=\"textwidget\"><p>Linhai on pitk\u00e4n historian omaava, vuonna 1956 perustettu yritys joka valmistaa useita erilaisia pienkoneita, nyky\u00e4\u00e4n my\u00f6s m\u00f6nkij\u00e4it\u00e4.<br \/>\n1994 Linhai alkoi valmistaa mm. m\u00f6nkij\u00f6it\u00e4, skoottereita ja muita pienkoneita. Hy\u00f6tym\u00f6nkij\u00f6iden dieselmoottorit toimittaa arvostetut Kubota ja Perkins.<br \/>\nParhaiten Linhai Suomessa tunnetaankin m\u00f6nkij\u00f6ist\u00e4\u00e4n, joita yhti\u00f6 alkoi toimittaa Eurooppaan vuonna 2001.<\/p>\n<\/div>\n\t\t<\/div><\/div><\/div><div id=\"pg-1895-2\"  class=\"panel-grid panel-no-style\" ><div id=\"pgc-1895-2-0\"  class=\"panel-grid-cell\" ><div id=\"panel-1895-2-0-0\" class=\"so-panel widget widget_text panel-first-child panel-last-child\" data-index=\"4\" ><h3 class=\"widget-title\">Harraste- ja hy\u00f6tyk\u00e4ytt\u00f6\u00f6n<\/h3>\t\t\t<div class=\"textwidget\"><p>Laatu ja edullinen hankintahinta kulkevat k\u00e4si k\u00e4dess\u00e4 t\u00e4m\u00e4n merkin kohdalla, Linhait ovat edistyksellisi\u00e4, jatkuvasti kehittyvi\u00e4 laitteita, jotka soveltuvat harraste- ja hy\u00f6tyk\u00e4ytt\u00f6\u00f6n. Tuotekehitys yhdess\u00e4 useiden tunnettujen valmistajien kanssa pit\u00e4\u00e4 laatutason korkeana ja tuottaa uusia, parempia laitteita vaativien asiakkaiden k\u00e4ytt\u00f6tarpeisiin.<br \/>\nKaikki Linhait on varustettu mm. s\u00e4hk\u00f6isesti kytkett\u00e4v\u00e4ll\u00e4 nelivedolla sek\u00e4 k\u00e4ytt\u00f6tarkoitukseen sopivalla alusta- ja jousitusratkaisulla, parantaen ajo-ominaisuuksia tiell\u00e4 ja maastossa.<\/p>\n<\/div>\n\t\t<\/div><\/div><div id=\"pgc-1895-2-1\"  class=\"panel-grid-cell\" ><div id=\"panel-1895-2-1-0\" class=\"so-panel widget widget_media_image panel-first-child panel-last-child\" data-index=\"5\" ><img loading=\"lazy\" decoding=\"async\" width=\"600\" height=\"400\" src=\"https:\/\/www.iron-horse.bike\/wp-content\/uploads\/dsc01733-600x400.jpg\" class=\"image wp-image-1900  attachment-vets-post-thumbnail size-vets-post-thumbnail\" alt=\"\" style=\"max-width: 100%; height: auto;\" srcset=\"https:\/\/www.iron-horse.bike\/wp-content\/uploads\/dsc01733-600x400.jpg 600w, https:\/\/www.iron-horse.bike\/wp-content\/uploads\/dsc01733-300x200.jpg 300w, https:\/\/www.iron-horse.bike\/wp-content\/uploads\/dsc01733-768x512.jpg 768w, https:\/\/www.iron-horse.bike\/wp-content\/uploads\/dsc01733-1024x683.jpg 1024w, https:\/\/www.iron-horse.bike\/wp-content\/uploads\/dsc01733.jpg 1240w\" sizes=\"auto, (max-width: 600px) 100vw, 600px\" \/><\/div><\/div><\/div><\/div>","protected":false},"excerpt":{"rendered":"<p>Ironhorse Oy on Motorpower Finlandin valtuutettu yhteisty\u00f6kumppani. Meilt\u00e4 saat my\u00f6s uudet Linhai m\u00f6nkij\u00e4t sek\u00e4 valtuutetun huollon. Linhai on pitk\u00e4n historian omaava, vuonna 1956 perustettu yritys joka valmistaa useita erilaisia pienkoneita, nyky\u00e4\u00e4n my\u00f6s m\u00f6nkij\u00e4it\u00e4. 1994 Linhai alkoi valmistaa mm. m\u00f6nkij\u00f6it\u00e4, skoottereita ja muita pienkoneita. Hy\u00f6tym\u00f6nkij\u00f6iden dieselmoottorit toimittaa arvostetut Kubota ja Perkins. Parhaiten Linhai Suomessa tunnetaankin m\u00f6nkij\u00f6ist\u00e4\u00e4n, [&hellip;]<\/p>\n<p class=\"more-link style2\"><a href=\"https:\/\/www.iron-horse.bike\/?page_id=1895\"  class=\"themebutton\"><span class=\"more-text\">READ MORE<\/span><span class=\"more-icon\"><i class=\"fa fa-angle-right fa-lg\"><\/i><\/span><\/a><\/p>\n","protected":false},"author":1,"featured_media":1898,"parent":0,"menu_order":0,"comment_status":"closed","ping_status":"closed","template":"","meta":{"footnotes":""},"categories":[],"tags":[],"class_list":["post-1895","page","type-page","status-publish","has-post-thumbnail","hentry"],"_links":{"self":[{"href":"https:\/\/www.iron-horse.bike\/index.php?rest_route=\/wp\/v2\/pages\/1895","targetHints":{"allow":["GET"]}}],"collection":[{"href":"https:\/\/www.iron-horse.bike\/index.php?rest_route=\/wp\/v2\/pages"}],"about":[{"href":"https:\/\/www.iron-horse.bike\/index.php?rest_route=\/wp\/v2\/types\/page"}],"author":[{"embeddable":true,"href":"https:\/\/www.iron-horse.bike\/index.php?rest_route=\/wp\/v2\/users\/1"}],"replies":[{"embeddable":true,"href":"https:\/\/www.iron-horse.bike\/index.php?rest_route=%2Fwp%2Fv2%2Fcomments&post=1895"}],"version-history":[{"count":15,"href":"https:\/\/www.iron-horse.bike\/index.php?rest_route=\/wp\/v2\/pages\/1895\/revisions"}],"predecessor-version":[{"id":1917,"href":"https:\/\/www.iron-horse.bike\/index.php?rest_route=\/wp\/v2\/pages\/1895\/revisions\/1917"}],"wp:featuredmedia":[{"embeddable":true,"href":"https:\/\/www.iron-horse.bike\/index.php?rest_route=\/wp\/v2\/media\/1898"}],"wp:attachment":[{"href":"https:\/\/www.iron-horse.bike\/index.php?rest_route=%2Fwp%2Fv2%2Fmedia&parent=1895"}],"wp:term":[{"taxonomy":"category","embeddable":true,"href":"https:\/\/www.iron-horse.bike\/index.php?rest_route=%2Fwp%2Fv2%2Fcategories&post=1895"},{"taxonomy":"post_tag","embeddable":true,"href":"https:\/\/www.iron-horse.bike\/index.php?rest_route=%2Fwp%2Fv2%2Ftags&post=1895"}],"curies":[{"name":"wp","href":"https:\/\/api.w.org\/{rel}","templated":true}]}}