{"id":1924,"date":"2023-01-25T17:53:53","date_gmt":"2023-01-25T15:53:53","guid":{"rendered":"http:\/\/www.iron-horse.bike\/?page_id=1924"},"modified":"2023-02-13T10:25:21","modified_gmt":"2023-02-13T08:25:21","slug":"imperiale-400","status":"publish","type":"page","link":"https:\/\/www.iron-horse.bike\/?page_id=1924","title":{"rendered":"Mallisto"},"content":{"rendered":"<div id=\"pl-1924\"  class=\"panel-layout\" ><div id=\"pg-1924-0\"  class=\"panel-grid panel-no-style\" ><div id=\"pgc-1924-0-0\"  class=\"panel-grid-cell\" ><div id=\"panel-1924-0-0-0\" class=\"so-panel widget widget_text panel-first-child panel-last-child\" data-index=\"0\" ><h3 class=\"widget-title\">Benelli 2023<\/h3>\t\t\t<div class=\"textwidget\"><p>T\u00e4lt\u00e4 sivulta l\u00f6yd\u00e4t Benellin 2023 Suomeen tuotavat mallit sek\u00e4 niiden ohjehinnat. Mallin kuvaa klikkaamalla siirryt suoraan tehtaan kotisivuille ja n\u00e4et tarkemmat tiedot mallista. Kerromme mielell\u00e4mme lis\u00e4\u00e4 Benellist\u00e4 joten ota yhteytt\u00e4 suoraan joko soittamalla 017-2634000 tai s\u00e4hk\u00f6postilla jarmo@iron-horse.bike.<\/p>\n<\/div>\n\t\t<\/div><\/div><div id=\"pgc-1924-0-1\"  class=\"panel-grid-cell\" ><div id=\"panel-1924-0-1-0\" class=\"so-panel widget widget_media_image panel-first-child panel-last-child\" data-index=\"1\" ><img loading=\"lazy\" decoding=\"async\" width=\"600\" height=\"400\" src=\"https:\/\/www.iron-horse.bike\/wp-content\/uploads\/Benelli-Motorcycles-2-750x500-600x400.jpg\" class=\"image wp-image-1942  attachment-vets-post-thumbnail size-vets-post-thumbnail\" alt=\"\" style=\"max-width: 100%; height: auto;\" srcset=\"https:\/\/www.iron-horse.bike\/wp-content\/uploads\/Benelli-Motorcycles-2-750x500-600x400.jpg 600w, https:\/\/www.iron-horse.bike\/wp-content\/uploads\/Benelli-Motorcycles-2-750x500-300x200.jpg 300w, https:\/\/www.iron-horse.bike\/wp-content\/uploads\/Benelli-Motorcycles-2-750x500.jpg 750w\" sizes=\"auto, (max-width: 600px) 100vw, 600px\" \/><\/div><\/div><\/div><div id=\"pg-1924-1\"  class=\"panel-grid panel-no-style\" ><div id=\"pgc-1924-1-0\"  class=\"panel-grid-cell\" ><div id=\"panel-1924-1-0-0\" class=\"so-panel widget widget_media_image panel-first-child\" data-index=\"2\" ><h3 class=\"widget-title\">TNT 125<\/h3><img loading=\"lazy\" decoding=\"async\" width=\"300\" height=\"218\" src=\"https:\/\/www.iron-horse.bike\/wp-content\/uploads\/tnt125-300x218.jpg\" class=\"image wp-image-1933  attachment-medium size-medium\" alt=\"\" style=\"max-width: 100%; height: auto;\" srcset=\"https:\/\/www.iron-horse.bike\/wp-content\/uploads\/tnt125-300x218.jpg 300w, https:\/\/www.iron-horse.bike\/wp-content\/uploads\/tnt125-768x558.jpg 768w, https:\/\/www.iron-horse.bike\/wp-content\/uploads\/tnt125.jpg 960w\" sizes=\"auto, (max-width: 300px) 100vw, 300px\" \/><\/div><div id=\"panel-1924-1-0-1\" class=\"so-panel widget widget_text panel-last-child\" data-index=\"3\" ><h3 class=\"widget-title\">SH 3.990\u20ac<\/h3>\t\t\t<div class=\"textwidget\"><\/div>\n\t\t<\/div><\/div><div id=\"pgc-1924-1-1\"  class=\"panel-grid-cell\" ><div id=\"panel-1924-1-1-0\" class=\"so-panel widget widget_media_image panel-first-child\" data-index=\"4\" ><h3 class=\"widget-title\">Imperiale 400<\/h3><a href=\"https:\/\/www.benelli.com\/cn-en\/products\/imperiale-400\"><img loading=\"lazy\" decoding=\"async\" width=\"300\" height=\"169\" src=\"https:\/\/www.iron-horse.bike\/wp-content\/uploads\/imperiale-300x169.png\" class=\"image wp-image-1925  attachment-medium size-medium\" alt=\"\" style=\"max-width: 100%; height: auto;\" srcset=\"https:\/\/www.iron-horse.bike\/wp-content\/uploads\/imperiale-300x169.png 300w, https:\/\/www.iron-horse.bike\/wp-content\/uploads\/imperiale-768x432.png 768w, https:\/\/www.iron-horse.bike\/wp-content\/uploads\/imperiale-1024x576.png 1024w, https:\/\/www.iron-horse.bike\/wp-content\/uploads\/imperiale.png 1600w\" sizes=\"auto, (max-width: 300px) 100vw, 300px\" \/><\/a><\/div><div id=\"panel-1924-1-1-1\" class=\"so-panel widget widget_text panel-last-child\" data-index=\"5\" ><h3 class=\"widget-title\">SH 6.190\u20ac<\/h3>\t\t\t<div class=\"textwidget\"><\/div>\n\t\t<\/div><\/div><div id=\"pgc-1924-1-2\"  class=\"panel-grid-cell\" ><div id=\"panel-1924-1-2-0\" class=\"so-panel widget widget_media_image panel-first-child\" data-index=\"6\" ><h3 class=\"widget-title\">Leoncino 500<\/h3><a href=\"https:\/\/www.benelli.com\/cn-en\/products\/leoncino-500-e5\"><img loading=\"lazy\" decoding=\"async\" width=\"300\" height=\"169\" src=\"https:\/\/www.iron-horse.bike\/wp-content\/uploads\/leoncino500-300x169.png\" class=\"image wp-image-1938  attachment-medium size-medium\" alt=\"\" style=\"max-width: 100%; height: auto;\" srcset=\"https:\/\/www.iron-horse.bike\/wp-content\/uploads\/leoncino500-300x169.png 300w, https:\/\/www.iron-horse.bike\/wp-content\/uploads\/leoncino500-768x432.png 768w, https:\/\/www.iron-horse.bike\/wp-content\/uploads\/leoncino500-1024x576.png 1024w, https:\/\/www.iron-horse.bike\/wp-content\/uploads\/leoncino500.png 1600w\" sizes=\"auto, (max-width: 300px) 100vw, 300px\" \/><\/a><\/div><div id=\"panel-1924-1-2-1\" class=\"so-panel widget widget_text panel-last-child\" data-index=\"7\" ><h3 class=\"widget-title\">SH 8.990\u20ac<\/h3>\t\t\t<div class=\"textwidget\"><\/div>\n\t\t<\/div><\/div><div id=\"pgc-1924-1-3\"  class=\"panel-grid-cell\" ><div id=\"panel-1924-1-3-0\" class=\"so-panel widget widget_media_image panel-first-child\" data-index=\"8\" ><h3 class=\"widget-title\">Leoncino 500 Trail<\/h3><a href=\"https:\/\/www.benelli.com\/cn-en\/products\/leoncino-500-trail-2\"><img loading=\"lazy\" decoding=\"async\" width=\"300\" height=\"169\" src=\"https:\/\/www.iron-horse.bike\/wp-content\/uploads\/leoncino500trail-300x169.png\" class=\"image wp-image-1939  attachment-medium size-medium\" alt=\"\" style=\"max-width: 100%; height: auto;\" srcset=\"https:\/\/www.iron-horse.bike\/wp-content\/uploads\/leoncino500trail-300x169.png 300w, https:\/\/www.iron-horse.bike\/wp-content\/uploads\/leoncino500trail-768x432.png 768w, https:\/\/www.iron-horse.bike\/wp-content\/uploads\/leoncino500trail-1024x576.png 1024w, https:\/\/www.iron-horse.bike\/wp-content\/uploads\/leoncino500trail.png 1600w\" sizes=\"auto, (max-width: 300px) 100vw, 300px\" \/><\/a><\/div><div id=\"panel-1924-1-3-1\" class=\"so-panel widget widget_text panel-last-child\" data-index=\"9\" ><h3 class=\"widget-title\">SH 9.290\u20ac<\/h3>\t\t\t<div class=\"textwidget\"><\/div>\n\t\t<\/div><\/div><\/div><div id=\"pg-1924-2\"  class=\"panel-grid panel-no-style\" ><div id=\"pgc-1924-2-0\"  class=\"panel-grid-cell\" ><div id=\"panel-1924-2-0-0\" class=\"so-panel widget widget_media_image panel-first-child\" data-index=\"10\" ><h3 class=\"widget-title\">Leoncino 800<\/h3><a href=\"https:\/\/www.benelli.com\/cn-en\/products\/leoncino-800-china\"><img loading=\"lazy\" decoding=\"async\" width=\"300\" height=\"169\" src=\"https:\/\/www.iron-horse.bike\/wp-content\/uploads\/leoncino800-300x169.png\" class=\"image wp-image-1947  attachment-medium size-medium\" alt=\"\" style=\"max-width: 100%; height: auto;\" srcset=\"https:\/\/www.iron-horse.bike\/wp-content\/uploads\/leoncino800-300x169.png 300w, https:\/\/www.iron-horse.bike\/wp-content\/uploads\/leoncino800-768x432.png 768w, https:\/\/www.iron-horse.bike\/wp-content\/uploads\/leoncino800-1024x576.png 1024w, https:\/\/www.iron-horse.bike\/wp-content\/uploads\/leoncino800.png 1600w\" sizes=\"auto, (max-width: 300px) 100vw, 300px\" \/><\/a><\/div><div id=\"panel-1924-2-0-1\" class=\"so-panel widget widget_text panel-last-child\" data-index=\"11\" ><h3 class=\"widget-title\">SH 11.990\u20ac<\/h3>\t\t\t<div class=\"textwidget\"><\/div>\n\t\t<\/div><\/div><div id=\"pgc-1924-2-1\"  class=\"panel-grid-cell\" ><div id=\"panel-1924-2-1-0\" class=\"so-panel widget widget_media_image panel-first-child\" data-index=\"12\" ><h3 class=\"widget-title\">Cruiser 502 C<\/h3><a href=\"https:\/\/www.benelli.com\/cn-en\/products\/502c\"><img loading=\"lazy\" decoding=\"async\" width=\"300\" height=\"169\" src=\"https:\/\/www.iron-horse.bike\/wp-content\/uploads\/cruiser502c-300x169.png\" class=\"image wp-image-1950  attachment-medium size-medium\" alt=\"\" style=\"max-width: 100%; height: auto;\" srcset=\"https:\/\/www.iron-horse.bike\/wp-content\/uploads\/cruiser502c-300x169.png 300w, https:\/\/www.iron-horse.bike\/wp-content\/uploads\/cruiser502c-768x432.png 768w, https:\/\/www.iron-horse.bike\/wp-content\/uploads\/cruiser502c-1024x576.png 1024w, https:\/\/www.iron-horse.bike\/wp-content\/uploads\/cruiser502c.png 1600w\" sizes=\"auto, (max-width: 300px) 100vw, 300px\" \/><\/a><\/div><div id=\"panel-1924-2-1-1\" class=\"so-panel widget widget_text panel-last-child\" data-index=\"13\" ><h3 class=\"widget-title\">SH 9.290\u20ac<\/h3>\t\t\t<div class=\"textwidget\"><\/div>\n\t\t<\/div><\/div><div id=\"pgc-1924-2-2\"  class=\"panel-grid-cell\" ><div id=\"panel-1924-2-2-0\" class=\"so-panel widget widget_media_image panel-first-child\" data-index=\"14\" ><h3 class=\"widget-title\">TRK 502X<\/h3><a href=\"https:\/\/www.benelli.com\/cn-en\/products\/trk-502-x\"><img loading=\"lazy\" decoding=\"async\" width=\"300\" height=\"169\" src=\"https:\/\/www.iron-horse.bike\/wp-content\/uploads\/trk502x-300x169.png\" class=\"image wp-image-1951  attachment-medium size-medium\" alt=\"\" style=\"max-width: 100%; height: auto;\" srcset=\"https:\/\/www.iron-horse.bike\/wp-content\/uploads\/trk502x-300x169.png 300w, https:\/\/www.iron-horse.bike\/wp-content\/uploads\/trk502x-768x432.png 768w, https:\/\/www.iron-horse.bike\/wp-content\/uploads\/trk502x-1024x576.png 1024w, https:\/\/www.iron-horse.bike\/wp-content\/uploads\/trk502x.png 1600w\" sizes=\"auto, (max-width: 300px) 100vw, 300px\" \/><\/a><\/div><div id=\"panel-1924-2-2-1\" class=\"so-panel widget widget_text panel-last-child\" data-index=\"15\" ><h3 class=\"widget-title\">SH 8.990\u20ac<\/h3>\t\t\t<div class=\"textwidget\"><\/div>\n\t\t<\/div><\/div><div id=\"pgc-1924-2-3\"  class=\"panel-grid-cell\" ><div id=\"panel-1924-2-3-0\" class=\"so-panel widget widget_media_image panel-first-child\" data-index=\"16\" ><h3 class=\"widget-title\">TRK 502<\/h3><a href=\"https:\/\/www.benelli.com\/cn-en\/products\/trk-502-x-2\"><img loading=\"lazy\" decoding=\"async\" width=\"300\" height=\"169\" src=\"https:\/\/www.iron-horse.bike\/wp-content\/uploads\/trk502x2-300x169.png\" class=\"image wp-image-1952  attachment-medium size-medium\" alt=\"\" style=\"max-width: 100%; height: auto;\" srcset=\"https:\/\/www.iron-horse.bike\/wp-content\/uploads\/trk502x2-300x169.png 300w, https:\/\/www.iron-horse.bike\/wp-content\/uploads\/trk502x2-768x432.png 768w, https:\/\/www.iron-horse.bike\/wp-content\/uploads\/trk502x2-1024x576.png 1024w, https:\/\/www.iron-horse.bike\/wp-content\/uploads\/trk502x2.png 1600w\" sizes=\"auto, (max-width: 300px) 100vw, 300px\" \/><\/a><\/div><div id=\"panel-1924-2-3-1\" class=\"so-panel widget widget_text panel-last-child\" data-index=\"17\" ><h3 class=\"widget-title\">SH 8.490\u20ac<\/h3>\t\t\t<div class=\"textwidget\"><\/div>\n\t\t<\/div><\/div><\/div><div id=\"pg-1924-3\"  class=\"panel-grid panel-no-style\" ><div id=\"pgc-1924-3-0\"  class=\"panel-grid-cell\" ><div id=\"panel-1924-3-0-0\" class=\"so-panel widget widget_media_image panel-first-child panel-last-child\" data-index=\"18\" ><img loading=\"lazy\" decoding=\"async\" width=\"500\" height=\"500\" src=\"https:\/\/www.iron-horse.bike\/wp-content\/uploads\/1benelli702-768x768.jpg\" class=\"image wp-image-1959  attachment-500x500 size-500x500\" alt=\"\" style=\"max-width: 100%; height: auto;\" srcset=\"https:\/\/www.iron-horse.bike\/wp-content\/uploads\/1benelli702-768x768.jpg 768w, https:\/\/www.iron-horse.bike\/wp-content\/uploads\/1benelli702-150x150.jpg 150w, https:\/\/www.iron-horse.bike\/wp-content\/uploads\/1benelli702-300x300.jpg 300w, https:\/\/www.iron-horse.bike\/wp-content\/uploads\/1benelli702-1024x1024.jpg 1024w, https:\/\/www.iron-horse.bike\/wp-content\/uploads\/1benelli702-45x45.jpg 45w, https:\/\/www.iron-horse.bike\/wp-content\/uploads\/1benelli702.jpg 1080w\" sizes=\"auto, (max-width: 500px) 100vw, 500px\" \/><\/div><\/div><div id=\"pgc-1924-3-1\"  class=\"panel-grid-cell\" ><div id=\"panel-1924-3-1-0\" class=\"so-panel widget widget_text panel-first-child panel-last-child\" data-index=\"19\" ><h3 class=\"widget-title\">TRK 702 \/ 702X<\/h3>\t\t\t<div class=\"textwidget\"><p>Benellin odotettu uutuusmalli 702 \/ 702x on julkaistu ja ensimm\u00e4inen er\u00e4 saapuu Suomeen kev\u00e4\u00e4n -23 aikana. Ensimm\u00e4isest\u00e4 er\u00e4st\u00e4 on meille tulossa yksi 702X.<\/p>\n<\/div>\n\t\t<\/div><\/div><\/div><\/div>","protected":false},"excerpt":{"rendered":"<p>T\u00e4lt\u00e4 sivulta l\u00f6yd\u00e4t Benellin 2023 Suomeen tuotavat mallit sek\u00e4 niiden ohjehinnat. Mallin kuvaa klikkaamalla siirryt suoraan tehtaan kotisivuille ja n\u00e4et tarkemmat tiedot mallista. Kerromme mielell\u00e4mme lis\u00e4\u00e4 Benellist\u00e4 joten ota yhteytt\u00e4 suoraan joko soittamalla 017-2634000 tai s\u00e4hk\u00f6postilla jarmo@iron-horse.bike.<\/p>\n","protected":false},"author":1,"featured_media":1956,"parent":0,"menu_order":0,"comment_status":"closed","ping_status":"closed","template":"","meta":{"footnotes":""},"categories":[],"tags":[],"class_list":["post-1924","page","type-page","status-publish","has-post-thumbnail","hentry"],"_links":{"self":[{"href":"https:\/\/www.iron-horse.bike\/index.php?rest_route=\/wp\/v2\/pages\/1924","targetHints":{"allow":["GET"]}}],"collection":[{"href":"https:\/\/www.iron-horse.bike\/index.php?rest_route=\/wp\/v2\/pages"}],"about":[{"href":"https:\/\/www.iron-horse.bike\/index.php?rest_route=\/wp\/v2\/types\/page"}],"author":[{"embeddable":true,"href":"https:\/\/www.iron-horse.bike\/index.php?rest_route=\/wp\/v2\/users\/1"}],"replies":[{"embeddable":true,"href":"https:\/\/www.iron-horse.bike\/index.php?rest_route=%2Fwp%2Fv2%2Fcomments&post=1924"}],"version-history":[{"count":29,"href":"https:\/\/www.iron-horse.bike\/index.php?rest_route=\/wp\/v2\/pages\/1924\/revisions"}],"predecessor-version":[{"id":1979,"href":"https:\/\/www.iron-horse.bike\/index.php?rest_route=\/wp\/v2\/pages\/1924\/revisions\/1979"}],"wp:featuredmedia":[{"embeddable":true,"href":"https:\/\/www.iron-horse.bike\/index.php?rest_route=\/wp\/v2\/media\/1956"}],"wp:attachment":[{"href":"https:\/\/www.iron-horse.bike\/index.php?rest_route=%2Fwp%2Fv2%2Fmedia&parent=1924"}],"wp:term":[{"taxonomy":"category","embeddable":true,"href":"https:\/\/www.iron-horse.bike\/index.php?rest_route=%2Fwp%2Fv2%2Fcategories&post=1924"},{"taxonomy":"post_tag","embeddable":true,"href":"https:\/\/www.iron-horse.bike\/index.php?rest_route=%2Fwp%2Fv2%2Ftags&post=1924"}],"curies":[{"name":"wp","href":"https:\/\/api.w.org\/{rel}","templated":true}]}}