{"id":376,"date":"2014-10-09T11:04:27","date_gmt":"2014-10-09T08:04:27","guid":{"rendered":"http:\/\/www.iron-horse.bike\/?page_id=376"},"modified":"2016-02-27T13:47:27","modified_gmt":"2016-02-27T11:47:27","slug":"sisapesut-seka-otsonointi","status":"publish","type":"page","link":"https:\/\/www.iron-horse.bike\/?page_id=376","title":{"rendered":"Sis\u00e4pesut sek\u00e4 otsonointi"},"content":{"rendered":"<p><a href=\"http:\/\/www.iron-horse.bike\/wp-content\/uploads\/sisapesu.jpg\"><img loading=\"lazy\" decoding=\"async\" class=\"alignnone size-full wp-image-1180\" src=\"http:\/\/www.iron-horse.bike\/wp-content\/uploads\/sisapesu.jpg\" alt=\"sisapesu\" width=\"1369\" height=\"856\" srcset=\"https:\/\/www.iron-horse.bike\/wp-content\/uploads\/sisapesu.jpg 1369w, https:\/\/www.iron-horse.bike\/wp-content\/uploads\/sisapesu-300x188.jpg 300w, https:\/\/www.iron-horse.bike\/wp-content\/uploads\/sisapesu-1024x640.jpg 1024w\" sizes=\"auto, (max-width: 1369px) 100vw, 1369px\" \/><\/a><\/p>\n<p>Autojen sis\u00e4pesut sek\u00e4 hajunpoistok\u00e4sittelyt<\/p>\n<p>Moottoripy\u00f6r\u00e4toiminnan lis\u00e4ksi teemme my\u00f6s autojen sis\u00e4pesuja sek\u00e4 hajunpoistok\u00e4sittelyj\u00e4. Sis\u00e4pesupalveluitamme on mm.<\/p>\n<h2><strong>Pienimuotoinen sis\u00e4pesu:<\/strong><\/h2>\n<ul>\n<li>Imurointi<\/li>\n<li>Mattojen imurointi<\/li>\n<li>Muovipintojen pesu<\/li>\n<\/ul>\n<p><strong>Alkaen 35,00\u20ac<\/strong><\/p>\n<h2><strong>Normaali sis\u00e4pesu:<\/strong><\/h2>\n<ul>\n<li>Imurointi<\/li>\n<li>Mattojen pesu<\/li>\n<li>Muovipintojen pesu<\/li>\n<li>Kangasistuinten painehuuhtelu \/ nahkaistuinten puhdistusk\u00e4sittely<\/li>\n<\/ul>\n<p><strong>Alkaen 85,00\u20ac<\/strong><\/p>\n<h2><strong>Laajamittainen sis\u00e4pesu<\/strong><\/h2>\n<ul>\n<li>Imurointi<\/li>\n<li>Mattojen pesu<\/li>\n<li>Muovipintojen pesu<\/li>\n<li>Kangasistuinten sek\u00e4 auton verhoilun painehuuhtelu \/ nahkaverhoilun puhdistusk\u00e4sittely<\/li>\n<li>Lasien pesu<\/li>\n<li>Otsonointi tarvittaessa<\/li>\n<\/ul>\n<p><strong>Alkaen 135,00<\/strong><\/p>\n<p>Otsonointi sis\u00e4pesun yhteydess\u00e4 alkaen <strong>55,00\u20ac<\/strong><\/p>\n<p>Sis\u00e4pesun hintaan vaikuttavat auton likaisuusaste sek\u00e4 muu lis\u00e4ty\u00f6n\u00e4 teht\u00e4v\u00e4 puhdistusty\u00f6 kuten koirankarvojen poistaminen sek\u00e4 muut el\u00e4inten j\u00e4lkien siivoaminen.<\/p>\n<p>Tule ja pyyd\u00e4 tarjous!<\/p>\n","protected":false},"excerpt":{"rendered":"<p>Autojen sis\u00e4pesut sek\u00e4 hajunpoistok\u00e4sittelyt Moottoripy\u00f6r\u00e4toiminnan lis\u00e4ksi teemme my\u00f6s autojen sis\u00e4pesuja sek\u00e4 hajunpoistok\u00e4sittelyj\u00e4. Sis\u00e4pesupalveluitamme on mm. Pienimuotoinen sis\u00e4pesu: Imurointi Mattojen imurointi Muovipintojen pesu Alkaen 35,00\u20ac Normaali sis\u00e4pesu: Imurointi Mattojen pesu Muovipintojen pesu Kangasistuinten painehuuhtelu \/ nahkaistuinten puhdistusk\u00e4sittely Alkaen 85,00\u20ac Laajamittainen sis\u00e4pesu Imurointi Mattojen pesu Muovipintojen pesu Kangasistuinten sek\u00e4 auton verhoilun painehuuhtelu \/ nahkaverhoilun puhdistusk\u00e4sittely Lasien pesu [&hellip;]<\/p>\n<p class=\"more-link style2\"><a href=\"https:\/\/www.iron-horse.bike\/?page_id=376\"  class=\"themebutton\"><span class=\"more-text\">READ MORE<\/span><span class=\"more-icon\"><i class=\"fa fa-angle-right fa-lg\"><\/i><\/span><\/a><\/p>\n","protected":false},"author":1,"featured_media":0,"parent":0,"menu_order":0,"comment_status":"closed","ping_status":"closed","template":"","meta":{"footnotes":""},"categories":[],"tags":[],"class_list":["post-376","page","type-page","status-publish","hentry"],"_links":{"self":[{"href":"https:\/\/www.iron-horse.bike\/index.php?rest_route=\/wp\/v2\/pages\/376","targetHints":{"allow":["GET"]}}],"collection":[{"href":"https:\/\/www.iron-horse.bike\/index.php?rest_route=\/wp\/v2\/pages"}],"about":[{"href":"https:\/\/www.iron-horse.bike\/index.php?rest_route=\/wp\/v2\/types\/page"}],"author":[{"embeddable":true,"href":"https:\/\/www.iron-horse.bike\/index.php?rest_route=\/wp\/v2\/users\/1"}],"replies":[{"embeddable":true,"href":"https:\/\/www.iron-horse.bike\/index.php?rest_route=%2Fwp%2Fv2%2Fcomments&post=376"}],"version-history":[{"count":4,"href":"https:\/\/www.iron-horse.bike\/index.php?rest_route=\/wp\/v2\/pages\/376\/revisions"}],"predecessor-version":[{"id":1186,"href":"https:\/\/www.iron-horse.bike\/index.php?rest_route=\/wp\/v2\/pages\/376\/revisions\/1186"}],"wp:attachment":[{"href":"https:\/\/www.iron-horse.bike\/index.php?rest_route=%2Fwp%2Fv2%2Fmedia&parent=376"}],"wp:term":[{"taxonomy":"category","embeddable":true,"href":"https:\/\/www.iron-horse.bike\/index.php?rest_route=%2Fwp%2Fv2%2Fcategories&post=376"},{"taxonomy":"post_tag","embeddable":true,"href":"https:\/\/www.iron-horse.bike\/index.php?rest_route=%2Fwp%2Fv2%2Ftags&post=376"}],"curies":[{"name":"wp","href":"https:\/\/api.w.org\/{rel}","templated":true}]}}