{"id":90,"date":"2014-08-11T18:50:34","date_gmt":"2014-08-11T15:50:34","guid":{"rendered":"http:\/\/www.hdofkuopio.fi\/ironhorse\/?page_id=90"},"modified":"2016-01-17T16:34:06","modified_gmt":"2016-01-17T14:34:06","slug":"palvelumme","status":"publish","type":"page","link":"https:\/\/www.iron-horse.bike\/?page_id=90","title":{"rendered":"Palvelumme"},"content":{"rendered":"<p>[metaslider id=240]<\/p>\n<table style=\"color: #ffffff;\">\n<tbody>\n<tr>\n<td>\n<h3><span style=\"color: #000000;\"><strong>Palvelumme<\/strong><\/span><\/h3>\n<\/td>\n<\/tr>\n<tr>\n<td style=\"color: #ffffff;\"><span style=\"color: #000000;\">Kun mainostamme\u00a0itse\u00e4mme t\u00e4yden palvelun moottoripy\u00f6r\u00e4liikkeen\u00e4, pyrimme my\u00f6s olemaan sit\u00e4. Palvelemme asiakastamme\u00a0mahdollisimman kokonaisvaltaisesti. Tuotevalikoimamme uudistuu jatkuvasti ja tavoitteenamme on pit\u00e4\u00e4 se\u00a0Suomen monipuoleisimpana.\u00a0Ajokauden ollessa\u00a0Suomessa lyhyt, pid\u00e4mme varastossamme mahdollisimman paljon tuotteita\u00a0jotta ne ovat suoraan saatavillasi,\u00a0kun astut liikkeeseen.<\/span><span style=\"color: #000000;\">T\u00e4ss\u00e4 on joitakin esimerkkej\u00e4 p\u00e4ivitt\u00e4isest\u00e4 ty\u00f6skentelyst\u00e4mme.\u00a0<\/span><\/td>\n<\/tr>\n<tr>\n<td style=\"color: #ffffff;\"><span style=\"color: #000000;\">\u00a0<\/span><\/p>\n<table width=\"740\">\n<tbody>\n<tr>\n<td style=\"color: #ffffff;\" valign=\"top\"><span style=\"color: #000000;\"><strong>Myynti<\/strong><\/span><\/td>\n<td style=\"color: #ffffff;\" valign=\"top\"><span style=\"color: #000000;\"><strong>Huolto<\/strong><\/span><\/td>\n<td style=\"color: #ffffff;\" valign=\"top\"><span style=\"color: #000000;\"><strong>Customointi ty\u00f6t<\/strong><\/span><\/td>\n<\/tr>\n<tr>\n<td style=\"color: #ffffff;\" valign=\"top\"><span style=\"color: #000000;\">Myyntipalvelumme auttaa sinua valitsemaan oikean moottoripy\u00f6r\u00e4n sek\u00e4 ajovarusteet. Jos haluat luopua py\u00f6r\u00e4st\u00e4si, etk\u00e4 ole ostamassa uutta niin hoidamme my\u00f6s vanhan moottoripy\u00f6r\u00e4si myynnin.<\/span><\/td>\n<td style=\"color: #ffffff;\" valign=\"top\"><span style=\"color: #000000;\">Asiantunteva huoltomme\u00a0suorittaa py\u00f6r\u00e4\u00e4si perushuolloista l\u00e4htien aina vaativammatkin huollot ja korjaukset. Suuren varastomme avulla toimimme nopeasti my\u00f6s tienp\u00e4\u00e4ll\u00e4 tulleiden vikojen korjaamiseksi.<\/span><span style=\"color: #000000;\">&#8221;<span style=\"text-decoration: underline;\">Haaksirikkoinen&#8221; ei j\u00e4\u00e4 pulaan kuten on moni jo varmasti huomannut.\u00a8<\/span><\/span><\/td>\n<td style=\"color: #ffffff;\" valign=\"top\"><span style=\"color: #000000;\">Rakennamme kanssasi juuri sellaisen py\u00f6r\u00e4n kuin sin\u00e4 haluat. Yhdess\u00e4 yhteisty\u00f6kumppaneiden kanssa teemme py\u00f6r\u00e4\u00e4si rungonmuutokset, maalaukset, per\u00e4nlevitykset tai uuden koneen.<\/span><br \/>\n<span style=\"color: #000000;\">\u00a0<\/span><\/td>\n<\/tr>\n<tr>\n<td style=\"color: #ffffff;\" valign=\"top\"><span style=\"color: #000000;\"><strong>Maahantuontirekister\u00f6inti<\/strong><\/span><\/td>\n<td style=\"color: #ffffff;\" valign=\"top\"><span style=\"color: #000000;\"><strong>Fixaus<\/strong><\/span><\/td>\n<td style=\"color: #ffffff;\" valign=\"top\"><span style=\"color: #000000;\"><strong>Talvis\u00e4ilytys<\/strong><\/span><\/td>\n<\/tr>\n<tr valign=\"top\">\n<td style=\"color: #ffffff;\"><span style=\"color: #000000;\">Autamme py\u00f6r\u00e4si maahantuontirekister\u00f6inniss\u00e4. Hoidamme puolestasi tarvittavien osien vaihdon ja katsastuksen.<\/span><\/td>\n<td style=\"color: #ffffff;\"><span style=\"color: #000000;\">Jokaisessa py\u00f6r\u00e4ss\u00e4 tulee i\u00e4n mukana pient\u00e4 k\u00e4yt\u00f6n j\u00e4lke\u00e4 maalipintaan. K\u00e4sittelyss\u00e4mme h\u00e4vi\u00e4\u00e4 pienet ja v\u00e4h\u00e4n isommatkin naarmut\/maalipintavauriot ja py\u00f6r\u00e4n kiilto palautuu. Kun lopuksi p\u00e4\u00e4lle laitetaan likaa hylkiv\u00e4 kovavaha, niin py\u00f6r\u00e4n pesu jatkossa on helppoa.<\/span><\/td>\n<td style=\"color: #ffffff;\"><span style=\"color: #000000;\">Huoltomme tekee py\u00f6r\u00e4\u00e4si perushuoltotoimenpiteet ennen talviseisontaa. Sopimuksen mukaan vaihdamme \u00f6ljyt ja suodattimen sek\u00e4 tutkimme py\u00f6r\u00e4n seuraava ajokautta silm\u00e4ll\u00e4pit\u00e4en. Py\u00f6r\u00e4si s\u00e4ilytet\u00e4\u00e4n l\u00e4mpim\u00e4ss\u00e4 ja valvotussa tilassa. Talven aikana py\u00f6r\u00e4si akku ladataan kuukausittain ja kev\u00e4\u00e4ll\u00e4 py\u00f6r\u00e4si on valmiina uuteen ajokauteen tarkistettuna.<\/span><\/td>\n<\/tr>\n<tr>\n<td style=\"color: #ffffff;\"><span style=\"color: #000000;\">\u00a0<\/span><\/td>\n<td style=\"color: #ffffff;\"><span style=\"color: #000000;\">\u00a0<\/span><\/td>\n<td style=\"color: #ffffff;\"><span style=\"color: #000000;\">\u00a0<\/span><\/td>\n<\/tr>\n<\/tbody>\n<\/table>\n<\/td>\n<\/tr>\n<\/tbody>\n<\/table>\n","protected":false},"excerpt":{"rendered":"<p>[metaslider id=240] Palvelumme Kun mainostamme\u00a0itse\u00e4mme t\u00e4yden palvelun moottoripy\u00f6r\u00e4liikkeen\u00e4, pyrimme my\u00f6s olemaan sit\u00e4. Palvelemme asiakastamme\u00a0mahdollisimman kokonaisvaltaisesti. Tuotevalikoimamme uudistuu jatkuvasti ja tavoitteenamme on pit\u00e4\u00e4 se\u00a0Suomen monipuoleisimpana.\u00a0Ajokauden ollessa\u00a0Suomessa lyhyt, pid\u00e4mme varastossamme mahdollisimman paljon tuotteita\u00a0jotta ne ovat suoraan saatavillasi,\u00a0kun astut liikkeeseen.T\u00e4ss\u00e4 on joitakin esimerkkej\u00e4 p\u00e4ivitt\u00e4isest\u00e4 ty\u00f6skentelyst\u00e4mme.\u00a0 \u00a0 Myynti Huolto Customointi ty\u00f6t Myyntipalvelumme auttaa sinua valitsemaan oikean moottoripy\u00f6r\u00e4n sek\u00e4 ajovarusteet. [&hellip;]<\/p>\n<p class=\"more-link style2\"><a href=\"https:\/\/www.iron-horse.bike\/?page_id=90\"  class=\"themebutton\"><span class=\"more-text\">READ MORE<\/span><span class=\"more-icon\"><i class=\"fa fa-angle-right fa-lg\"><\/i><\/span><\/a><\/p>\n","protected":false},"author":1,"featured_media":0,"parent":0,"menu_order":0,"comment_status":"closed","ping_status":"closed","template":"","meta":{"footnotes":""},"categories":[],"tags":[],"class_list":["post-90","page","type-page","status-publish","hentry"],"_links":{"self":[{"href":"https:\/\/www.iron-horse.bike\/index.php?rest_route=\/wp\/v2\/pages\/90","targetHints":{"allow":["GET"]}}],"collection":[{"href":"https:\/\/www.iron-horse.bike\/index.php?rest_route=\/wp\/v2\/pages"}],"about":[{"href":"https:\/\/www.iron-horse.bike\/index.php?rest_route=\/wp\/v2\/types\/page"}],"author":[{"embeddable":true,"href":"https:\/\/www.iron-horse.bike\/index.php?rest_route=\/wp\/v2\/users\/1"}],"replies":[{"embeddable":true,"href":"https:\/\/www.iron-horse.bike\/index.php?rest_route=%2Fwp%2Fv2%2Fcomments&post=90"}],"version-history":[{"count":19,"href":"https:\/\/www.iron-horse.bike\/index.php?rest_route=\/wp\/v2\/pages\/90\/revisions"}],"predecessor-version":[{"id":1223,"href":"https:\/\/www.iron-horse.bike\/index.php?rest_route=\/wp\/v2\/pages\/90\/revisions\/1223"}],"wp:attachment":[{"href":"https:\/\/www.iron-horse.bike\/index.php?rest_route=%2Fwp%2Fv2%2Fmedia&parent=90"}],"wp:term":[{"taxonomy":"category","embeddable":true,"href":"https:\/\/www.iron-horse.bike\/index.php?rest_route=%2Fwp%2Fv2%2Fcategories&post=90"},{"taxonomy":"post_tag","embeddable":true,"href":"https:\/\/www.iron-horse.bike\/index.php?rest_route=%2Fwp%2Fv2%2Ftags&post=90"}],"curies":[{"name":"wp","href":"https:\/\/api.w.org\/{rel}","templated":true}]}}